{"id":2271,"date":"2025-03-10T17:53:05","date_gmt":"2025-03-10T16:53:05","guid":{"rendered":"https:\/\/www.sa-urg.eu\/?page_id=2271"},"modified":"2025-05-27T11:14:18","modified_gmt":"2025-05-27T09:14:18","slug":"documentos","status":"publish","type":"page","link":"https:\/\/www.sa-urg.eu\/en\/documentos\/","title":{"rendered":"Restricted content"},"content":{"rendered":"<div class=\"wpb-content-wrapper\"><div data-vc-full-width=\"true\" data-vc-full-width-init=\"false\" class=\"vc_row wpb_row vc_row-fluid vc_custom_1607523548631 vc_row-has-fill vc_column-gap-30\"><div class=\"wpb_column vc_column_container vc_col-sm-4\"><div class=\"vc_column-inner\"><div class=\"wpb_wrapper\"><h2 style=\"text-align: left;font-family:Open Sans;font-weight:800;font-style:normal\" class=\"vc_custom_heading vc_do_custom_heading\" ><strong>Acci\u00f3n 1<\/strong> - Gesti\u00f3n y coordinaci\u00f3n<\/h2><div class=\"vc_separator wpb_content_element vc_separator_align_center vc_sep_width_100 vc_sep_pos_align_center vc_separator_no_text vc_sep_color_black wpb_content_element  wpb_content_element\" ><span class=\"vc_sep_holder vc_sep_holder_l\"><span class=\"vc_sep_line\"><\/span><\/span><span class=\"vc_sep_holder vc_sep_holder_r\"><span class=\"vc_sep_line\"><\/span><\/span>\n<\/div>\n\t<div class=\"wpb_text_column wpb_content_element doclist\" >\n\t\t<div class=\"wpb_wrapper\">\n\t\t\t<div class=\"um-docs-list\" id=\"umDocsList\"><table id=\"um_docs_table\">\n\t<thead>\n\t\t<tr>\n\t\t\t<th class=\"um-docs-title-col\">Name<\/th>\n\t\t\t<th>Downloads<\/th>\n\t\t\t\t\t<\/tr>\n\t<\/thead>\n\t<tbody>\n\t\t<tr class=\"um-doc-item\">\n\t<td class=\"um-docs-title-col\"><strong>COPIL Pamplona_Compte-rendu \/ Informe (acta) 2024\/11.27-28&nbsp; <\/strong>\n\t\t<div class=\"um-doc-item-meta\">\n\t\t\t<div>Created 11 months ago <\/div>\n\t\t\t<div>By <a href=\"https:\/\/www.sa-urg.eu\/en\/user\/admin_sa_urg\/?profiletab=documents\" class=\"um-doc-author-link\">SA-URG<\/a><\/div>\n\t\t  <\/div>\n\t<\/td>\n\t<td align=\"center\">\n\t\t<div class=\"docs-text-center docs-downloads-count\">\n\t\t\t8 Downloads\t\t<\/div>\n\t\t\t\t<div class=\"docs-download-btn\">\n\t\t\t<a href=\"https:\/\/www.sa-urg.eu\/en\/?um_download=2397&amp;token=d55522e03d\" target=\"_blank\" class=\"btn button um-button um-doc-button\" >Download<\/a>\t\t<\/div>\n\t\t\t<\/td>\n\t<\/tr><tr class=\"um-doc-item\">\n\t<td class=\"um-docs-title-col\"><strong>COPIL Bayonne_Compte-rendu \/ Informe (acta)-2024\/06\/13-1&nbsp; <\/strong>\n\t\t<div class=\"um-doc-item-meta\">\n\t\t\t<div>Created 11 months ago <\/div>\n\t\t\t<div>By <a href=\"https:\/\/www.sa-urg.eu\/en\/user\/admin_sa_urg\/?profiletab=documents\" class=\"um-doc-author-link\">SA-URG<\/a><\/div>\n\t\t  <\/div>\n\t<\/td>\n\t<td align=\"center\">\n\t\t<div class=\"docs-text-center docs-downloads-count\">\n\t\t\t8 Downloads\t\t<\/div>\n\t\t\t\t<div class=\"docs-download-btn\">\n\t\t\t<a href=\"https:\/\/www.sa-urg.eu\/en\/?um_download=2395&amp;token=b241047abf\" target=\"_blank\" class=\"btn button um-button um-doc-button\" >Download<\/a>\t\t<\/div>\n\t\t\t<\/td>\n\t<\/tr><tr class=\"um-doc-item\">\n\t<td class=\"um-docs-title-col\"><strong>Tableau contact \/ lista contactos SA-URG_2024.11&nbsp; <\/strong>\n\t\t<div class=\"um-doc-item-meta\">\n\t\t\t<div>Created 11 months ago <\/div>\n\t\t\t<div>By <a href=\"https:\/\/www.sa-urg.eu\/en\/user\/admin_sa_urg\/?profiletab=documents\" class=\"um-doc-author-link\">SA-URG<\/a><\/div>\n\t\t  <\/div>\n\t<\/td>\n\t<td align=\"center\">\n\t\t<div class=\"docs-text-center docs-downloads-count\">\n\t\t\t5 Downloads\t\t<\/div>\n\t\t\t\t<div class=\"docs-download-btn\">\n\t\t\t<a href=\"https:\/\/www.sa-urg.eu\/en\/?um_download=2393&amp;token=c74e194c51\" target=\"_blank\" class=\"btn button um-button um-doc-button\" >Download<\/a>\t\t<\/div>\n\t\t\t<\/td>\n\t<\/tr>\t<\/tbody>\n<\/table><div class=\"um-docs-clear\"><\/div><\/div>\n\n\t\t<\/div>\n\t<\/div>\n<\/div><\/div><\/div><div class=\"wpb_column vc_column_container vc_col-sm-4\"><div class=\"vc_column-inner\"><div class=\"wpb_wrapper\"><h2 style=\"text-align: left;font-family:Open Sans;font-weight:300;font-style:normal\" class=\"vc_custom_heading vc_do_custom_heading\" ><strong>Acci\u00f3n 2<\/strong> - Comunicaci\u00f3n<\/h2><div class=\"vc_separator wpb_content_element vc_separator_align_center vc_sep_width_100 vc_sep_pos_align_center vc_separator_no_text vc_sep_color_black wpb_content_element  wpb_content_element\" ><span class=\"vc_sep_holder vc_sep_holder_l\"><span class=\"vc_sep_line\"><\/span><\/span><span class=\"vc_sep_holder vc_sep_holder_r\"><span class=\"vc_sep_line\"><\/span><\/span>\n<\/div>\n\t<div class=\"wpb_text_column wpb_content_element doclist\" >\n\t\t<div class=\"wpb_wrapper\">\n\t\t\t<div class=\"um-docs-list\" id=\"umDocsList\"><table id=\"um_docs_table\">\n\t<thead>\n\t\t<tr>\n\t\t\t<th class=\"um-docs-title-col\">Name<\/th>\n\t\t\t<th>Downloads<\/th>\n\t\t\t\t\t<\/tr>\n\t<\/thead>\n\t<tbody>\n\t\t<tr class=\"um-doc-item\">\n\t<td class=\"um-docs-title-col\"><strong>SA-URG &#8211; Plantilla word \/ Mod\u00e8le word &#8211; 2&nbsp; <\/strong>\n\t\t<div class=\"um-doc-item-meta\">\n\t\t\t<div>Created 11 months ago <\/div>\n\t\t\t<div>By <a href=\"https:\/\/www.sa-urg.eu\/en\/user\/admin_sa_urg\/?profiletab=documents\" class=\"um-doc-author-link\">SA-URG<\/a><\/div>\n\t\t  <\/div>\n\t<\/td>\n\t<td align=\"center\">\n\t\t<div class=\"docs-text-center docs-downloads-count\">\n\t\t\t6 Downloads\t\t<\/div>\n\t\t\t\t<div class=\"docs-download-btn\">\n\t\t\t<a href=\"https:\/\/www.sa-urg.eu\/en\/?um_download=2385&amp;token=f691e015d1\" target=\"_blank\" class=\"btn button um-button um-doc-button\" >Download<\/a>\t\t<\/div>\n\t\t\t<\/td>\n\t<\/tr><tr class=\"um-doc-item\">\n\t<td class=\"um-docs-title-col\"><strong>SA-URG &#8211; Plantilla PPT \/ pr\u00e9sentation PPT &#8211; 2&nbsp; <\/strong>\n\t\t<div class=\"um-doc-item-meta\">\n\t\t\t<div>Created 11 months ago <\/div>\n\t\t\t<div>By <a href=\"https:\/\/www.sa-urg.eu\/en\/user\/admin_sa_urg\/?profiletab=documents\" class=\"um-doc-author-link\">SA-URG<\/a><\/div>\n\t\t  <\/div>\n\t<\/td>\n\t<td align=\"center\">\n\t\t<div class=\"docs-text-center docs-downloads-count\">\n\t\t\t6 Downloads\t\t<\/div>\n\t\t\t\t<div class=\"docs-download-btn\">\n\t\t\t<a href=\"https:\/\/www.sa-urg.eu\/en\/?um_download=2383&amp;token=f498f3801a\" target=\"_blank\" class=\"btn button um-button um-doc-button\" >Download<\/a>\t\t<\/div>\n\t\t\t<\/td>\n\t<\/tr><tr class=\"um-doc-item\">\n\t<td class=\"um-docs-title-col\"><strong>Plan de communication de SA-URG (FR) 2&nbsp; <\/strong>\n\t\t<div class=\"um-doc-item-meta\">\n\t\t\t<div>Created 11 months ago <\/div>\n\t\t\t<div>By <a href=\"https:\/\/www.sa-urg.eu\/en\/user\/admin_sa_urg\/?profiletab=documents\" class=\"um-doc-author-link\">SA-URG<\/a><\/div>\n\t\t  <\/div>\n\t<\/td>\n\t<td align=\"center\">\n\t\t<div class=\"docs-text-center docs-downloads-count\">\n\t\t\t7 Downloads\t\t<\/div>\n\t\t\t\t<div class=\"docs-download-btn\">\n\t\t\t<a href=\"https:\/\/www.sa-urg.eu\/en\/?um_download=2379&amp;token=b33ba2f1da\" target=\"_blank\" class=\"btn button um-button um-doc-button\" >Download<\/a>\t\t<\/div>\n\t\t\t<\/td>\n\t<\/tr><tr class=\"um-doc-item\">\n\t<td class=\"um-docs-title-col\"><strong>Plan de comunicaci\u00f3n SA-URG (ES) 2&nbsp; <\/strong>\n\t\t<div class=\"um-doc-item-meta\">\n\t\t\t<div>Created 11 months ago <\/div>\n\t\t\t<div>By <a href=\"https:\/\/www.sa-urg.eu\/en\/user\/admin_sa_urg\/?profiletab=documents\" class=\"um-doc-author-link\">SA-URG<\/a><\/div>\n\t\t  <\/div>\n\t<\/td>\n\t<td align=\"center\">\n\t\t<div class=\"docs-text-center docs-downloads-count\">\n\t\t\t8 Downloads\t\t<\/div>\n\t\t\t\t<div class=\"docs-download-btn\">\n\t\t\t<a href=\"https:\/\/www.sa-urg.eu\/en\/?um_download=2377&amp;token=d999a8bd63\" target=\"_blank\" class=\"btn button um-button um-doc-button\" >Download<\/a>\t\t<\/div>\n\t\t\t<\/td>\n\t<\/tr>\t<\/tbody>\n<\/table><div class=\"um-docs-clear\"><\/div><\/div>\n\n\t\t<\/div>\n\t<\/div>\n<\/div><\/div><\/div><div class=\"wpb_column vc_column_container vc_col-sm-4\"><div class=\"vc_column-inner\"><div class=\"wpb_wrapper\"><h2 style=\"text-align: left;font-family:Open Sans;font-weight:300;font-style:normal\" class=\"vc_custom_heading vc_do_custom_heading\" ><strong>Acci\u00f3n 3<\/strong> - Herramientas digitales y tecnol\u00f3gicas<\/h2><div class=\"vc_separator wpb_content_element vc_separator_align_center vc_sep_width_100 vc_sep_pos_align_center vc_separator_no_text vc_sep_color_black wpb_content_element  wpb_content_element\" ><span class=\"vc_sep_holder vc_sep_holder_l\"><span class=\"vc_sep_line\"><\/span><\/span><span class=\"vc_sep_holder vc_sep_holder_r\"><span class=\"vc_sep_line\"><\/span><\/span>\n<\/div>\n\t<div class=\"wpb_text_column wpb_content_element doclist\" >\n\t\t<div class=\"wpb_wrapper\">\n\t\t\t\n\n\t\t<\/div>\n\t<\/div>\n<\/div><\/div><\/div><\/div><div class=\"vc_row-full-width vc_clearfix\"><\/div><div data-vc-full-width=\"true\" data-vc-full-width-init=\"false\" class=\"vc_row wpb_row vc_row-fluid vc_custom_1748337255768 vc_row-has-fill vc_column-gap-30\"><div class=\"wpb_column vc_column_container vc_col-sm-4 vc_col-has-fill\"><div class=\"vc_column-inner vc_custom_1748334014831\"><div class=\"wpb_wrapper\"><h2 style=\"text-align: left;font-family:Open Sans;font-weight:300;font-style:normal\" class=\"vc_custom_heading vc_do_custom_heading\" ><strong>Acci\u00f3n 4<\/strong> - Certificaci\u00f3n de un programa de formaci\u00f3n coherente basado en nuevas herramientas pedag\u00f3gicas<\/h2><div class=\"vc_separator wpb_content_element vc_separator_align_center vc_sep_width_100 vc_sep_pos_align_center vc_separator_no_text vc_sep_color_black wpb_content_element  wpb_content_element\" ><span class=\"vc_sep_holder vc_sep_holder_l\"><span class=\"vc_sep_line\"><\/span><\/span><span class=\"vc_sep_holder vc_sep_holder_r\"><span class=\"vc_sep_line\"><\/span><\/span>\n<\/div>\n\t<div class=\"wpb_text_column wpb_content_element doclist\" >\n\t\t<div class=\"wpb_wrapper\">\n\t\t\t\n\n\t\t<\/div>\n\t<\/div>\n<\/div><\/div><\/div><div class=\"wpb_column vc_column_container vc_col-sm-4 vc_col-has-fill\"><div class=\"vc_column-inner vc_custom_1748333998677\"><div class=\"wpb_wrapper\"><h2 style=\"text-align: left;font-family:Open Sans;font-weight:300;font-style:normal\" class=\"vc_custom_heading vc_do_custom_heading\" ><strong>Acci\u00f3n 5<\/strong> - Mejora de la respuesta sanitaria<\/h2><div class=\"vc_separator wpb_content_element vc_separator_align_center vc_sep_width_100 vc_sep_pos_align_center vc_separator_no_text vc_sep_color_black wpb_content_element  wpb_content_element\" ><span class=\"vc_sep_holder vc_sep_holder_l\"><span class=\"vc_sep_line\"><\/span><\/span><span class=\"vc_sep_holder vc_sep_holder_r\"><span class=\"vc_sep_line\"><\/span><\/span>\n<\/div>\n\t<div class=\"wpb_text_column wpb_content_element doclist\" >\n\t\t<div class=\"wpb_wrapper\">\n\t\t\t\n\n\t\t<\/div>\n\t<\/div>\n<\/div><\/div><\/div><div class=\"wpb_column vc_column_container vc_col-sm-4 vc_col-has-fill\"><div class=\"vc_column-inner vc_custom_1748334007265\"><div class=\"wpb_wrapper\"><h2 style=\"text-align: left;font-family:Open Sans;font-weight:300;font-style:normal\" class=\"vc_custom_heading vc_do_custom_heading\" ><strong>EGALURG<\/strong><\/h2><div class=\"vc_separator wpb_content_element vc_separator_align_center vc_sep_width_100 vc_sep_pos_align_center vc_separator_no_text vc_sep_color_black wpb_content_element  wpb_content_element\" ><span class=\"vc_sep_holder vc_sep_holder_l\"><span class=\"vc_sep_line\"><\/span><\/span><span class=\"vc_sep_holder vc_sep_holder_r\"><span class=\"vc_sep_line\"><\/span><\/span>\n<\/div>\n\t<div class=\"wpb_text_column wpb_content_element doclist\" >\n\t\t<div class=\"wpb_wrapper\">\n\t\t\t<div class=\"um-docs-list\" id=\"umDocsList\"><table id=\"um_docs_table\">\n\t<thead>\n\t\t<tr>\n\t\t\t<th class=\"um-docs-title-col\">Name<\/th>\n\t\t\t<th>Downloads<\/th>\n\t\t\t\t\t<\/tr>\n\t<\/thead>\n\t<tbody>\n\t\t<tr class=\"um-doc-item\">\n\t<td class=\"um-docs-title-col\"><strong>4.3 &#8211; Protocole Operationnel Transfrontalier IMV et Desastres&nbsp; <\/strong>\n\t\t<div class=\"um-doc-item-meta\">\n\t\t\t<div>Created 4 years ago <\/div>\n\t\t\t<div>By <a href=\"https:\/\/www.sa-urg.eu\/en\/user\/yuri\/?profiletab=documents\" class=\"um-doc-author-link\">Yuri L\u00e1zaro<\/a><\/div>\n\t\t  <\/div>\n\t<\/td>\n\t<td align=\"center\">\n\t\t<div class=\"docs-text-center docs-downloads-count\">\n\t\t\t24 Downloads\t\t<\/div>\n\t\t\t\t<div class=\"docs-download-btn\">\n\t\t\t<a href=\"https:\/\/www.sa-urg.eu\/en\/?um_download=2145&amp;token=55d2f2cd4d\" target=\"_blank\" class=\"btn button um-button um-doc-button\" >Download<\/a>\t\t<\/div>\n\t\t\t<\/td>\n\t<\/tr><tr class=\"um-doc-item\">\n\t<td class=\"um-docs-title-col\"><strong>4.2 &#8211; Coop\u00e9ration transfrontali\u00e8re dans la prise en charge des patients souffrant de traumatismes graves&nbsp; <\/strong>\n\t\t<div class=\"um-doc-item-meta\">\n\t\t\t<div>Created 4 years ago <\/div>\n\t\t\t<div>By <a href=\"https:\/\/www.sa-urg.eu\/en\/user\/yuri\/?profiletab=documents\" class=\"um-doc-author-link\">Yuri L\u00e1zaro<\/a><\/div>\n\t\t  <\/div>\n\t<\/td>\n\t<td align=\"center\">\n\t\t<div class=\"docs-text-center docs-downloads-count\">\n\t\t\t22 Downloads\t\t<\/div>\n\t\t\t\t<div class=\"docs-download-btn\">\n\t\t\t<a href=\"https:\/\/www.sa-urg.eu\/en\/?um_download=2143&amp;token=768198eea0\" target=\"_blank\" class=\"btn button um-button um-doc-button\" >Download<\/a>\t\t<\/div>\n\t\t\t<\/td>\n\t<\/tr><tr class=\"um-doc-item\">\n\t<td class=\"um-docs-title-col\"><strong>Actividad 2.3 &#8211; Congreso de Emergencias Medicas Trasnfronterizas&nbsp; <\/strong>\n\t\t<div class=\"um-doc-item-meta\">\n\t\t\t<div>Created 4 years ago <\/div>\n\t\t\t<div>By <a href=\"https:\/\/www.sa-urg.eu\/en\/user\/yuri\/?profiletab=documents\" class=\"um-doc-author-link\">Yuri L\u00e1zaro<\/a><\/div>\n\t\t  <\/div>\n\t<\/td>\n\t<td align=\"center\">\n\t\t<div class=\"docs-text-center docs-downloads-count\">\n\t\t\t24 Downloads\t\t<\/div>\n\t\t\t\t<div class=\"docs-download-btn\">\n\t\t\t<a href=\"https:\/\/www.sa-urg.eu\/en\/?um_download=2141&amp;token=b103182d81\" target=\"_blank\" class=\"btn button um-button um-doc-button\" >Download<\/a>\t\t<\/div>\n\t\t\t<\/td>\n\t<\/tr><tr class=\"um-doc-item\">\n\t<td class=\"um-docs-title-col\"><strong>Actividad 5.2 &#8211; Plan de formaci\u00f3n continuada&nbsp; <\/strong>\n\t\t<div class=\"um-doc-item-meta\">\n\t\t\t<div>Created 4 years ago <\/div>\n\t\t\t<div>By <a href=\"https:\/\/www.sa-urg.eu\/en\/user\/yuri\/?profiletab=documents\" class=\"um-doc-author-link\">Yuri L\u00e1zaro<\/a><\/div>\n\t\t  <\/div>\n\t<\/td>\n\t<td align=\"center\">\n\t\t<div class=\"docs-text-center docs-downloads-count\">\n\t\t\t23 Downloads\t\t<\/div>\n\t\t\t\t<div class=\"docs-download-btn\">\n\t\t\t<a href=\"https:\/\/www.sa-urg.eu\/en\/?um_download=2139&amp;token=2e5ea329d7\" target=\"_blank\" class=\"btn button um-button um-doc-button\" >Download<\/a>\t\t<\/div>\n\t\t\t<\/td>\n\t<\/tr><tr class=\"um-doc-item\">\n\t<td class=\"um-docs-title-col\"><strong>Actividad 5.1 &#8211; Gu\u00eda Acad\u00e9mica de M\u00e1ster Europeo Desastres&nbsp; <\/strong>\n\t\t<div class=\"um-doc-item-meta\">\n\t\t\t<div>Created 4 years ago <\/div>\n\t\t\t<div>By <a href=\"https:\/\/www.sa-urg.eu\/en\/user\/yuri\/?profiletab=documents\" class=\"um-doc-author-link\">Yuri L\u00e1zaro<\/a><\/div>\n\t\t  <\/div>\n\t<\/td>\n\t<td align=\"center\">\n\t\t<div class=\"docs-text-center docs-downloads-count\">\n\t\t\t17 Downloads\t\t<\/div>\n\t\t\t\t<div class=\"docs-download-btn\">\n\t\t\t<a href=\"https:\/\/www.sa-urg.eu\/en\/?um_download=2137&amp;token=7ec3471191\" target=\"_blank\" class=\"btn button um-button um-doc-button\" >Download<\/a>\t\t<\/div>\n\t\t\t<\/td>\n\t<\/tr><tr class=\"um-doc-item\">\n\t<td class=\"um-docs-title-col\"><strong>Actividad 4.4 &#8211; Marco Jur\u00eddico \/ Dosier Evaluaci\u00f3n ejercicio de simulaci\u00f3n&nbsp; <\/strong>\n\t\t<div class=\"um-doc-item-meta\">\n\t\t\t<div>Created 4 years ago <\/div>\n\t\t\t<div>By <a href=\"https:\/\/www.sa-urg.eu\/en\/user\/yuri\/?profiletab=documents\" class=\"um-doc-author-link\">Yuri L\u00e1zaro<\/a><\/div>\n\t\t  <\/div>\n\t<\/td>\n\t<td align=\"center\">\n\t\t<div class=\"docs-text-center docs-downloads-count\">\n\t\t\t13 Downloads\t\t<\/div>\n\t\t\t\t<div class=\"docs-download-btn\">\n\t\t\t<a href=\"https:\/\/www.sa-urg.eu\/en\/?um_download=2135&amp;token=440da889f2\" target=\"_blank\" class=\"btn button um-button um-doc-button\" >Download<\/a>\t\t<\/div>\n\t\t\t<\/td>\n\t<\/tr><tr class=\"um-doc-item\">\n\t<td class=\"um-docs-title-col\"><strong>Actividad 4.3 &#8211; Incident M\u00faltiples V\u00edctimes transfronterer&nbsp; <\/strong>\n\t\t<div class=\"um-doc-item-meta\">\n\t\t\t<div>Created 4 years ago <\/div>\n\t\t\t<div>By <a href=\"https:\/\/www.sa-urg.eu\/en\/user\/yuri\/?profiletab=documents\" class=\"um-doc-author-link\">Yuri L\u00e1zaro<\/a><\/div>\n\t\t  <\/div>\n\t<\/td>\n\t<td align=\"center\">\n\t\t<div class=\"docs-text-center docs-downloads-count\">\n\t\t\t13 Downloads\t\t<\/div>\n\t\t\t\t<div class=\"docs-download-btn\">\n\t\t\t<a href=\"https:\/\/www.sa-urg.eu\/en\/?um_download=2133&amp;token=c99033e377\" target=\"_blank\" class=\"btn button um-button um-doc-button\" >Download<\/a>\t\t<\/div>\n\t\t\t<\/td>\n\t<\/tr><tr class=\"um-doc-item\">\n\t<td class=\"um-docs-title-col\"><strong>Actividad 4.2 &#8211; Procedimiento Trauma Grave&nbsp; <\/strong>\n\t\t<div class=\"um-doc-item-meta\">\n\t\t\t<div>Created 4 years ago <\/div>\n\t\t\t<div>By <a href=\"https:\/\/www.sa-urg.eu\/en\/user\/yuri\/?profiletab=documents\" class=\"um-doc-author-link\">Yuri L\u00e1zaro<\/a><\/div>\n\t\t  <\/div>\n\t<\/td>\n\t<td align=\"center\">\n\t\t<div class=\"docs-text-center docs-downloads-count\">\n\t\t\t11 Downloads\t\t<\/div>\n\t\t\t\t<div class=\"docs-download-btn\">\n\t\t\t<a href=\"https:\/\/www.sa-urg.eu\/en\/?um_download=2131&amp;token=5d0b8b63cd\" target=\"_blank\" class=\"btn button um-button um-doc-button\" >Download<\/a>\t\t<\/div>\n\t\t\t<\/td>\n\t<\/tr><tr class=\"um-doc-item\">\n\t<td class=\"um-docs-title-col\"><strong>Actividad 4.1 &#8211; Procedimiento transfronterizo plataforma gesti\u00f3n de afectados en incidente de m\u00faltiples v\u00edctimas GA-IMV&nbsp; <\/strong>\n\t\t<div class=\"um-doc-item-meta\">\n\t\t\t<div>Created 4 years ago <\/div>\n\t\t\t<div>By <a href=\"https:\/\/www.sa-urg.eu\/en\/user\/yuri\/?profiletab=documents\" class=\"um-doc-author-link\">Yuri L\u00e1zaro<\/a><\/div>\n\t\t  <\/div>\n\t<\/td>\n\t<td align=\"center\">\n\t\t<div class=\"docs-text-center docs-downloads-count\">\n\t\t\t12 Downloads\t\t<\/div>\n\t\t\t\t<div class=\"docs-download-btn\">\n\t\t\t<a href=\"https:\/\/www.sa-urg.eu\/en\/?um_download=2129&amp;token=6c86bcdf7d\" target=\"_blank\" class=\"btn button um-button um-doc-button\" >Download<\/a>\t\t<\/div>\n\t\t\t<\/td>\n\t<\/tr>\t<\/tbody>\n<\/table><div class=\"um-docs-clear\"><\/div><div class=\"pagination\"><span aria-current=\"pg\" class=\"page-numbers current\">1<\/span>\n<a class=\"page-numbers\" href=\"https:\/\/www.sa-urg.eu\/en\/wp-json\/wp\/v2\/pages\/2271\/?pg=2\">2<\/a>\n<a class=\"page-numbers\" href=\"https:\/\/www.sa-urg.eu\/en\/wp-json\/wp\/v2\/pages\/2271\/?pg=3\">3<\/a>\n<a class=\"page-numbers\" href=\"https:\/\/www.sa-urg.eu\/en\/wp-json\/wp\/v2\/pages\/2271\/?pg=4\">4<\/a>\n<a class=\"page-numbers\" href=\"https:\/\/www.sa-urg.eu\/en\/wp-json\/wp\/v2\/pages\/2271\/?pg=5\">5<\/a>\n<a class=\"next page-numbers\" href=\"https:\/\/www.sa-urg.eu\/en\/wp-json\/wp\/v2\/pages\/2271\/?pg=2\">Next &raquo;<\/a><\/div><!--\/\/ end .pagination --><\/div>\n\n\t\t<\/div>\n\t<\/div>\n<\/div><\/div><\/div><\/div><div class=\"vc_row-full-width vc_clearfix\"><\/div><div class=\"vc_row wpb_row vc_row-fluid vc_custom_1748334070650 vc_row-has-fill vc_column-gap-30\"><div class=\"wpb_column vc_column_container vc_col-sm-12\"><div class=\"vc_column-inner\"><div class=\"wpb_wrapper\"><h1 style=\"text-align: left;font-family:Open Sans;font-weight:300;font-style:normal\" class=\"vc_custom_heading vc_do_custom_heading\" >Todos los documentos<\/h1><div class=\"vc_separator wpb_content_element vc_separator_align_center vc_sep_width_100 vc_sep_pos_align_center vc_separator_no_text vc_sep_color_grey wpb_content_element  wpb_content_element\" ><span class=\"vc_sep_holder vc_sep_holder_l\"><span class=\"vc_sep_line\"><\/span><\/span><span class=\"vc_sep_holder vc_sep_holder_r\"><span class=\"vc_sep_line\"><\/span><\/span>\n<\/div>\n\t<div class=\"wpb_text_column wpb_content_element doclist\" >\n\t\t<div class=\"wpb_wrapper\">\n\t\t\t<div class=\"um-docs-list\" id=\"umDocsList\">\t<div class=\"um-item um-doc-item um-col-133\" data-1>\n\t  <div class=\"um-item-link\">\n\t\t<strong>COPIL Pamplona_Compte-rendu \/ Informe (acta) 2024\/11.27-28&nbsp; <\/strong>\n\t  <\/div>\n\t  \t  \t  <div class=\"um-doc-item-meta\">\n\t\t\t\t<div> <a href=\"https:\/\/www.sa-urg.eu\/en\/?um_download=2397&amp;token=d55522e03d\" target=\"_blank\" class=\"btn button um-button um-doc-button\" >Download<\/a> <\/div>\n\t\t\t\t<div>Created 11 months ago <\/div>\n\t\t<div>By <a href=\"https:\/\/www.sa-urg.eu\/en\/user\/admin_sa_urg\/?profiletab=documents\" class=\"um-doc-author-link\">SA-URG<\/a><\/div>\n\t\t<div>\n\t\t  8 Downloads\t\t<\/div>\n\t\t\t  <\/div>\n\t<\/div>\n\t<div class=\"um-item um-doc-item um-col-133\" data-1>\n\t  <div class=\"um-item-link\">\n\t\t<strong>COPIL Bayonne_Compte-rendu \/ Informe (acta)-2024\/06\/13-1&nbsp; <\/strong>\n\t  <\/div>\n\t  \t  \t  <div class=\"um-doc-item-meta\">\n\t\t\t\t<div> <a href=\"https:\/\/www.sa-urg.eu\/en\/?um_download=2395&amp;token=b241047abf\" target=\"_blank\" class=\"btn button um-button um-doc-button\" >Download<\/a> <\/div>\n\t\t\t\t<div>Created 11 months ago <\/div>\n\t\t<div>By <a href=\"https:\/\/www.sa-urg.eu\/en\/user\/admin_sa_urg\/?profiletab=documents\" class=\"um-doc-author-link\">SA-URG<\/a><\/div>\n\t\t<div>\n\t\t  8 Downloads\t\t<\/div>\n\t\t\t  <\/div>\n\t<\/div>\n\t<div class=\"um-item um-doc-item um-col-133\" data-1>\n\t  <div class=\"um-item-link\">\n\t\t<strong>Tableau contact \/ lista contactos SA-URG_2024.11&nbsp; <\/strong>\n\t  <\/div>\n\t  \t  \t  <div class=\"um-doc-item-meta\">\n\t\t\t\t<div> <a href=\"https:\/\/www.sa-urg.eu\/en\/?um_download=2393&amp;token=c74e194c51\" target=\"_blank\" class=\"btn button um-button um-doc-button\" >Download<\/a> <\/div>\n\t\t\t\t<div>Created 11 months ago <\/div>\n\t\t<div>By <a href=\"https:\/\/www.sa-urg.eu\/en\/user\/admin_sa_urg\/?profiletab=documents\" class=\"um-doc-author-link\">SA-URG<\/a><\/div>\n\t\t<div>\n\t\t  5 Downloads\t\t<\/div>\n\t\t\t  <\/div>\n\t<\/div>\n\t<div class=\"um-item um-doc-item um-col-133\" data-1>\n\t  <div class=\"um-item-link\">\n\t\t<strong>SA-URG &#8211; Plantilla word \/ Mod\u00e8le word &#8211; 2&nbsp; <\/strong>\n\t  <\/div>\n\t  \t  \t  <div class=\"um-doc-item-meta\">\n\t\t\t\t<div> <a href=\"https:\/\/www.sa-urg.eu\/en\/?um_download=2385&amp;token=f691e015d1\" target=\"_blank\" class=\"btn button um-button um-doc-button\" >Download<\/a> <\/div>\n\t\t\t\t<div>Created 11 months ago <\/div>\n\t\t<div>By <a href=\"https:\/\/www.sa-urg.eu\/en\/user\/admin_sa_urg\/?profiletab=documents\" class=\"um-doc-author-link\">SA-URG<\/a><\/div>\n\t\t<div>\n\t\t  6 Downloads\t\t<\/div>\n\t\t\t  <\/div>\n\t<\/div>\n\t<div class=\"um-item um-doc-item um-col-133\" data-1>\n\t  <div class=\"um-item-link\">\n\t\t<strong>SA-URG &#8211; Plantilla PPT \/ pr\u00e9sentation PPT &#8211; 2&nbsp; <\/strong>\n\t  <\/div>\n\t  \t  \t  <div class=\"um-doc-item-meta\">\n\t\t\t\t<div> <a href=\"https:\/\/www.sa-urg.eu\/en\/?um_download=2383&amp;token=f498f3801a\" target=\"_blank\" class=\"btn button um-button um-doc-button\" >Download<\/a> <\/div>\n\t\t\t\t<div>Created 11 months ago <\/div>\n\t\t<div>By <a href=\"https:\/\/www.sa-urg.eu\/en\/user\/admin_sa_urg\/?profiletab=documents\" class=\"um-doc-author-link\">SA-URG<\/a><\/div>\n\t\t<div>\n\t\t  6 Downloads\t\t<\/div>\n\t\t\t  <\/div>\n\t<\/div>\n\t<div class=\"um-item um-doc-item um-col-133\" data-1>\n\t  <div class=\"um-item-link\">\n\t\t<strong>Plan de communication de SA-URG (FR) 2&nbsp; <\/strong>\n\t  <\/div>\n\t  \t  \t  <div class=\"um-doc-item-meta\">\n\t\t\t\t<div> <a href=\"https:\/\/www.sa-urg.eu\/en\/?um_download=2379&amp;token=b33ba2f1da\" target=\"_blank\" class=\"btn button um-button um-doc-button\" >Download<\/a> <\/div>\n\t\t\t\t<div>Created 11 months ago <\/div>\n\t\t<div>By <a href=\"https:\/\/www.sa-urg.eu\/en\/user\/admin_sa_urg\/?profiletab=documents\" class=\"um-doc-author-link\">SA-URG<\/a><\/div>\n\t\t<div>\n\t\t  7 Downloads\t\t<\/div>\n\t\t\t  <\/div>\n\t<\/div>\n<div class=\"um-docs-clear\"><\/div><div class=\"pagination\"><span aria-current=\"pg\" class=\"page-numbers current\">1<\/span>\n<a class=\"page-numbers\" href=\"https:\/\/www.sa-urg.eu\/en\/wp-json\/wp\/v2\/pages\/2271\/?pg=2\">2<\/a>\n<a class=\"page-numbers\" href=\"https:\/\/www.sa-urg.eu\/en\/wp-json\/wp\/v2\/pages\/2271\/?pg=3\">3<\/a>\n<a class=\"page-numbers\" href=\"https:\/\/www.sa-urg.eu\/en\/wp-json\/wp\/v2\/pages\/2271\/?pg=4\">4<\/a>\n<a class=\"page-numbers\" href=\"https:\/\/www.sa-urg.eu\/en\/wp-json\/wp\/v2\/pages\/2271\/?pg=5\">5<\/a>\n<a class=\"page-numbers\" href=\"https:\/\/www.sa-urg.eu\/en\/wp-json\/wp\/v2\/pages\/2271\/?pg=6\">6<\/a>\n<span class=\"page-numbers dots\">&hellip;<\/span>\n<a class=\"page-numbers\" href=\"https:\/\/www.sa-urg.eu\/en\/wp-json\/wp\/v2\/pages\/2271\/?pg=9\">9<\/a>\n<a class=\"next page-numbers\" href=\"https:\/\/www.sa-urg.eu\/en\/wp-json\/wp\/v2\/pages\/2271\/?pg=2\">Next &raquo;<\/a><\/div><!--\/\/ end .pagination --><\/div>\n\n\t\t<\/div>\n\t<\/div>\n<\/div><\/div><\/div><\/div>\n<\/div>","protected":false},"excerpt":{"rendered":"","protected":false},"author":1,"featured_media":0,"parent":0,"menu_order":0,"comment_status":"closed","ping_status":"closed","template":"","meta":{"_themeisle_gutenberg_block_has_review":false,"footnotes":""},"class_list":["post-2271","page","type-page","status-publish","hentry"],"_links":{"self":[{"href":"https:\/\/www.sa-urg.eu\/en\/wp-json\/wp\/v2\/pages\/2271","targetHints":{"allow":["GET"]}}],"collection":[{"href":"https:\/\/www.sa-urg.eu\/en\/wp-json\/wp\/v2\/pages"}],"about":[{"href":"https:\/\/www.sa-urg.eu\/en\/wp-json\/wp\/v2\/types\/page"}],"author":[{"embeddable":true,"href":"https:\/\/www.sa-urg.eu\/en\/wp-json\/wp\/v2\/users\/1"}],"replies":[{"embeddable":true,"href":"https:\/\/www.sa-urg.eu\/en\/wp-json\/wp\/v2\/comments?post=2271"}],"version-history":[{"count":39,"href":"https:\/\/www.sa-urg.eu\/en\/wp-json\/wp\/v2\/pages\/2271\/revisions"}],"predecessor-version":[{"id":2422,"href":"https:\/\/www.sa-urg.eu\/en\/wp-json\/wp\/v2\/pages\/2271\/revisions\/2422"}],"wp:attachment":[{"href":"https:\/\/www.sa-urg.eu\/en\/wp-json\/wp\/v2\/media?parent=2271"}],"curies":[{"name":"wp","href":"https:\/\/api.w.org\/{rel}","templated":true}]}}