{"id":2495,"date":"2025-10-23T14:04:44","date_gmt":"2025-10-23T12:04:44","guid":{"rendered":"https:\/\/www.sa-urg.eu\/?page_id=2495"},"modified":"2025-10-23T15:37:53","modified_gmt":"2025-10-23T13:37:53","slug":"egalurg","status":"publish","type":"page","link":"https:\/\/www.sa-urg.eu\/en\/egalurg\/","title":{"rendered":"EGALURG"},"content":{"rendered":"<figure class=\"wp-block-image alignfull size-large\"><img loading=\"lazy\" decoding=\"async\" width=\"1024\" height=\"300\" src=\"http:\/\/www.sa-urg.eu\/wp-content\/uploads\/2025\/10\/cabecera-egalugr-2-1024x300.png\" alt=\"\" class=\"wp-image-2529\" srcset=\"https:\/\/www.sa-urg.eu\/wp-content\/uploads\/2025\/10\/cabecera-egalugr-2-1024x300.png 1024w, https:\/\/www.sa-urg.eu\/wp-content\/uploads\/2025\/10\/cabecera-egalugr-2-300x88.png 300w, https:\/\/www.sa-urg.eu\/wp-content\/uploads\/2025\/10\/cabecera-egalugr-2-18x5.png 18w, https:\/\/www.sa-urg.eu\/wp-content\/uploads\/2025\/10\/cabecera-egalugr-2.png 1920w\" sizes=\"auto, (max-width: 1024px) 100vw, 1024px\" \/><\/figure>\n\n\n\n<div class=\"wp-block-columns is-layout-flex wp-container-core-columns-is-layout-28f84493 wp-block-columns-is-layout-flex\">\n<div class=\"wp-block-column is-layout-flow wp-block-column-is-layout-flow\" style=\"flex-basis:66.66%\">\n<p><strong>The EGALURG project was a European network of cooperation <\/strong>to improve healthcare in isolated communities, emergencies and disasters on both sides of the Pyrenees. <strong>The SA-URG project is a continuation of<\/strong> <strong>of EGALURG<\/strong> to address the problems of accessibility to health services in the Pyrenean cross-border area.\u00a0<\/p>\n<\/div>\n<\/div>\n\n\n\n<div class=\"wp-block-group has-global-padding is-layout-constrained wp-block-group-is-layout-constrained\">\n<p class=\"has-secondary-color has-text-color has-link-color wp-elements-6d409f1c199c58875f3f7ccc0fdad92e\" style=\"font-size:clamp(18.959px, 1.185rem + ((1vw - 3.2px) * 1.15), 30px);\"><strong>About<\/strong> <strong>the project<\/strong><\/p>\n<\/div>\n\n\n\n<div class=\"wp-block-columns is-layout-flex wp-container-core-columns-is-layout-28f84493 wp-block-columns-is-layout-flex\">\n<div class=\"wp-block-column is-layout-flow wp-block-column-is-layout-flow\">\n<p>France and Spain share a 656 km border delimited by the Pyrenees mountain range. This geographical situation makes land communication between the two countries difficult and may limit access to emergency assistance for the populations.<\/p>\n<\/div>\n\n\n\n<div class=\"wp-block-column is-layout-flow wp-block-column-is-layout-flow\">\n<p>Thanks to the EGALURG project (POCTEFA EFA 305\/19) we have created a cross-border cooperation network for the promotion of equity in emergency and\/or disaster medical assistance by overcoming legal obstacles, specialized training in emergencies and the development of innovation and technology.<\/p>\n<\/div>\n\n\n\n<div class=\"wp-block-column is-layout-flow wp-block-column-is-layout-flow\">\n<p>Within the framework of the POCTEFA program, EGALURG is focused on investment in social and health infrastructures.<strong>\u00a0<\/strong>that contribute to national, regional and local development and reduce health inequalities. It is also closely aligned with the line of analysis and intervention of specific risks and the development of disaster management systems.<\/p>\n<\/div>\n<\/div>\n\n\n\n<hr class=\"wp-block-separator aligncenter has-text-color has-lightgrey-color has-alpha-channel-opacity has-lightgrey-background-color has-background is-style-wide\"\/>\n\n\n\n<div aria-hidden=\"true\" class=\"wp-block-spacer\"><\/div>\n\n\n\n<div class=\"wp-block-columns is-layout-flex wp-container-core-columns-is-layout-28f84493 wp-block-columns-is-layout-flex\">\n<div class=\"wp-block-column is-layout-flow wp-block-column-is-layout-flow\" style=\"flex-basis:33.33%\">\n<p class=\"has-secondary-color has-text-color has-link-color wp-elements-2f3fa2187465a2c36120661c8cf94aaa\" style=\"font-size:clamp(18.959px, 1.185rem + ((1vw - 3.2px) * 1.15), 30px);\"><strong>Mission and objectives<\/strong><\/p>\n\n\n\n<p><strong>The mission of the European EGALURG network is to reduce inequalities in access to emergency assistance.<\/strong> both in remote areas and at accident sites. To achieve this goal, three specific objectives have been established:<\/p>\n<\/div>\n\n\n\n<div class=\"wp-block-column is-layout-flow wp-block-column-is-layout-flow\" style=\"flex-basis:66.66%\">\n<figure class=\"wp-block-image alignright size-large\"><img loading=\"lazy\" decoding=\"async\" width=\"1024\" height=\"529\" src=\"https:\/\/www.sa-urg.eu\/wp-content\/uploads\/2025\/10\/UMPEO-SEM3-copia-panoramica-1024x529.png\" alt=\"\" class=\"wp-image-2543\" srcset=\"https:\/\/www.sa-urg.eu\/wp-content\/uploads\/2025\/10\/UMPEO-SEM3-copia-panoramica-1024x529.png 1024w, https:\/\/www.sa-urg.eu\/wp-content\/uploads\/2025\/10\/UMPEO-SEM3-copia-panoramica-300x155.png 300w, https:\/\/www.sa-urg.eu\/wp-content\/uploads\/2025\/10\/UMPEO-SEM3-copia-panoramica-18x9.png 18w, https:\/\/www.sa-urg.eu\/wp-content\/uploads\/2025\/10\/UMPEO-SEM3-copia-panoramica.png 1390w\" sizes=\"auto, (max-width: 1024px) 100vw, 1024px\" \/><\/figure>\n<\/div>\n<\/div>\n\n\n\n<div style=\"height:35px\" aria-hidden=\"true\" class=\"wp-block-spacer\"><\/div>\n\n\n\n<div class=\"wp-block-columns is-layout-flex wp-container-core-columns-is-layout-28f84493 wp-block-columns-is-layout-flex\">\n<div class=\"wp-block-column is-layout-flow wp-block-column-is-layout-flow\">\n<p class=\"has-medium-font-size\"><strong>Objective 1.<\/strong><\/p>\n\n\n\n<p>Harmonize patient care practices and protocols to anticipate and manage an emergency or crisis situation.<\/p>\n<\/div>\n\n\n\n<div class=\"wp-block-column is-layout-flow wp-block-column-is-layout-flow\">\n<p class=\"has-medium-font-size\"><strong>Objective 2.<\/strong><\/p>\n\n\n\n<p>Promote comprehensive and consistent training on both sides of the border to ensure better collaboration between professionals.<\/p>\n<\/div>\n\n\n\n<div class=\"wp-block-column is-layout-flow wp-block-column-is-layout-flow\">\n<p class=\"has-medium-font-size\"><strong>Objective 3.<\/strong><\/p>\n\n\n\n<p>Develop innovative tools to increase efficiency in an emergency or disaster situation.<\/p>\n<\/div>\n<\/div>\n\n\n\n<hr class=\"wp-block-separator aligncenter has-text-color has-lightgrey-color has-alpha-channel-opacity has-lightgrey-background-color has-background is-style-wide\"\/>\n\n\n\n<div class=\"wp-block-columns is-layout-flex wp-container-core-columns-is-layout-28f84493 wp-block-columns-is-layout-flex\">\n<div class=\"wp-block-column is-layout-flow wp-block-column-is-layout-flow\" style=\"flex-basis:66.66%\">\n<p class=\"has-secondary-color has-text-color has-link-color wp-elements-aebabea4563ac0c5f913ee1e3cee2ded\" style=\"font-size:clamp(18.959px, 1.185rem + ((1vw - 3.2px) * 1.15), 30px);\"><strong>Partnership<\/strong><\/p>\n<\/div>\n\n\n\n<div class=\"wp-block-column is-layout-flow wp-block-column-is-layout-flow\" style=\"flex-basis:33.33%\"><\/div>\n<\/div>\n\n\n\n<div class=\"wp-block-columns is-layout-flex wp-container-core-columns-is-layout-28f84493 wp-block-columns-is-layout-flex\">\n<div class=\"wp-block-column is-layout-flow wp-block-column-is-layout-flow\" style=\"flex-basis:66.66%\">\n<p>The European EGALURG project is being developed thanks to the cooperation and networking of four partner organizations. Leading the initiative is <strong>The Toulouse Hospital Center<\/strong> (Occitania), an entity that leads and coordinates the <strong>Navarrabiomed - Miguel Servet Foundation<\/strong> (Navarre), at <strong>Emergency Medical System of Catalonia<\/strong> and to the <strong>Basque Coast Hospital Center<\/strong> located in Bayonne (New Aquitaine). Each institution relies on the active participation of a group of partner entities in each region that collaborate in the various activities of the project.<\/p>\n<\/div>\n\n\n\n<div class=\"wp-block-column is-layout-flow wp-block-column-is-layout-flow\" style=\"flex-basis:33.33%\">\n<figure class=\"wp-block-image size-large\"><img loading=\"lazy\" decoding=\"async\" width=\"1024\" height=\"686\" src=\"http:\/\/www.sa-urg.eu\/wp-content\/uploads\/2025\/10\/projecte-egalurg-1024x686.jpg\" alt=\"\" class=\"wp-image-2502\" srcset=\"https:\/\/www.sa-urg.eu\/wp-content\/uploads\/2025\/10\/projecte-egalurg-1024x686.jpg 1024w, https:\/\/www.sa-urg.eu\/wp-content\/uploads\/2025\/10\/projecte-egalurg-300x201.jpg 300w, https:\/\/www.sa-urg.eu\/wp-content\/uploads\/2025\/10\/projecte-egalurg-18x12.jpg 18w, https:\/\/www.sa-urg.eu\/wp-content\/uploads\/2025\/10\/projecte-egalurg.jpg 1080w\" sizes=\"auto, (max-width: 1024px) 100vw, 1024px\" \/><\/figure>\n<\/div>\n<\/div>\n\n\n\n<hr class=\"wp-block-separator aligncenter has-text-color has-lightgrey-color has-alpha-channel-opacity has-lightgrey-background-color has-background is-style-wide\"\/>\n\n\n\n<div class=\"wp-block-columns is-layout-flex wp-container-core-columns-is-layout-28f84493 wp-block-columns-is-layout-flex\">\n<div class=\"wp-block-column is-layout-flow wp-block-column-is-layout-flow\" style=\"flex-basis:66.66%\">\n<p class=\"has-secondary-color has-text-color has-link-color wp-elements-9c2ccebbf53d328c461cac993d031038\" style=\"font-size:clamp(18.959px, 1.185rem + ((1vw - 3.2px) * 1.15), 30px);\"><strong>Results<\/strong> <strong>and future<\/strong><\/p>\n\n\n\n<p><\/p>\n<\/div>\n\n\n\n<div class=\"wp-block-column is-layout-flow wp-block-column-is-layout-flow\" style=\"flex-basis:33.33%\"><\/div>\n<\/div>\n\n\n\n<figure class=\"wp-block-embed is-type-video is-provider-youtube wp-block-embed-youtube wp-embed-aspect-16-9 wp-has-aspect-ratio\"><div class=\"wp-block-embed__wrapper\">\n<iframe loading=\"lazy\" title=\"EGALURG Congress on Cross-Border Medical Emergencies EGALURG Congr\u00e8s Urgences M\u00e9dicales Transfrontali\u00e8res\" width=\"950\" height=\"534\" src=\"https:\/\/www.youtube.com\/embed\/3OyMZDMndHM?feature=oembed\" frameborder=\"0\" allow=\"accelerometer; autoplay; clipboard-write; encrypted-media; gyroscope; picture-in-picture; web-share\" referrerpolicy=\"strict-origin-when-cross-origin\" allowfullscreen><\/iframe>\n<\/div><\/figure>\n\n\n\n<div style=\"height:100px\" aria-hidden=\"true\" class=\"wp-block-spacer\"><\/div>\n\n\n\n<p><\/p>","protected":false},"excerpt":{"rendered":"<p>El proyecto EGALURG fue una red europea de cooperaci\u00f3n para mejorar la asistencia sanitaria en comunidades aisladas, urgencias y cat\u00e1strofes en ambos lados de los Pirineos. El proyecto SA-URG surge como continuaci\u00f3n de EGALURG para abordar los problemas de accesibilidad a los servicios sanitarios en la zona transfronteriza pirenaica.\u00a0 Sobre el proyecto Francia y Espa\u00f1a &hellip; <\/p>\n<p class=\"link-more\"><a href=\"https:\/\/www.sa-urg.eu\/en\/egalurg\/\" class=\"more-link\">Read more<span class=\"screen-reader-text\"> &#8220;EGALURG&#8221;<\/span><\/a><\/p>","protected":false},"author":1,"featured_media":0,"parent":0,"menu_order":0,"comment_status":"closed","ping_status":"closed","template":"","meta":{"_themeisle_gutenberg_block_has_review":false,"footnotes":""},"class_list":["post-2495","page","type-page","status-publish","hentry"],"_links":{"self":[{"href":"https:\/\/www.sa-urg.eu\/en\/wp-json\/wp\/v2\/pages\/2495","targetHints":{"allow":["GET"]}}],"collection":[{"href":"https:\/\/www.sa-urg.eu\/en\/wp-json\/wp\/v2\/pages"}],"about":[{"href":"https:\/\/www.sa-urg.eu\/en\/wp-json\/wp\/v2\/types\/page"}],"author":[{"embeddable":true,"href":"https:\/\/www.sa-urg.eu\/en\/wp-json\/wp\/v2\/users\/1"}],"replies":[{"embeddable":true,"href":"https:\/\/www.sa-urg.eu\/en\/wp-json\/wp\/v2\/comments?post=2495"}],"version-history":[{"count":31,"href":"https:\/\/www.sa-urg.eu\/en\/wp-json\/wp\/v2\/pages\/2495\/revisions"}],"predecessor-version":[{"id":2560,"href":"https:\/\/www.sa-urg.eu\/en\/wp-json\/wp\/v2\/pages\/2495\/revisions\/2560"}],"wp:attachment":[{"href":"https:\/\/www.sa-urg.eu\/en\/wp-json\/wp\/v2\/media?parent=2495"}],"curies":[{"name":"wp","href":"https:\/\/api.w.org\/{rel}","templated":true}]}}