{"id":784,"date":"2024-05-08T12:27:07","date_gmt":"2024-05-08T10:27:07","guid":{"rendered":"https:\/\/www.sa-urg.eu\/?page_id=784"},"modified":"2024-05-09T16:00:35","modified_gmt":"2024-05-09T14:00:35","slug":"socios-y-territorios","status":"publish","type":"page","link":"https:\/\/www.sa-urg.eu\/en\/socios-y-territorios\/","title":{"rendered":"Partners and Territory"},"content":{"rendered":"<div class=\"wp-block-cover alignfull has-parallax\" style=\"min-height:550px;aspect-ratio:unset;\"><span aria-hidden=\"true\" class=\"wp-block-cover__background has-primary-background-color has-background-dim\"><\/span><div class=\"wp-block-cover__image-background wp-image-618 has-parallax\" style=\"background-position:50% 50%;background-image:url(http:\/\/www.sa-urg.eu\/wp-content\/uploads\/2024\/05\/SA-URG_01.jpg)\"><\/div><div class=\"wp-block-cover__inner-container is-layout-flow wp-block-cover-is-layout-flow\">\n<p class=\"has-text-align-center has-white-color has-text-color has-link-color wp-elements-404c68d30ed9ed81755a6337173cee64\" style=\"font-size:clamp(37.821px, 2.364rem + ((1vw - 3.2px) * 3.352), 70px);font-style:normal;font-weight:900\"><a href=\"https:\/\/www.sa-urg.eu\/en\/\" data-type=\"link\" data-id=\"https:\/\/www.sa-urg.eu\/\">SA-URG<\/a><\/p>\n\n\n\n<p class=\"has-text-align-center has-white-color has-text-color has-medium-font-size\" style=\"letter-spacing:1px\"><\/p>\n\n\n\n<div class=\"wp-block-buttons is-content-justification-center is-layout-flex wp-container-core-buttons-is-layout-a89b3969 wp-block-buttons-is-layout-flex\"><\/div>\n<\/div><\/div>\n\n\n\n<div style=\"height:100px\" aria-hidden=\"true\" class=\"wp-block-spacer\"><\/div>\n\n\n\n<p class=\"has-secondary-color has-text-color has-link-color has-large-font-size wp-elements-e8b1e5f950807551300867d3b09dc809\"><strong>Partners and Territories<\/strong><\/p>\n\n\n\n<p class=\"has-text-align-left translation-block\">The territories of the Pyrenean chain<strong>share geographical characteristics that make land communication difficult,<\/strong> resulting in reduced accessibility to health services for the populations. In addition, factors such as the practice of sports in the mountainous area, the climate and tourist agglomerations increase the risks.<\/p>\n\n\n\n<p class=\"has-text-align-left translation-block\">Likewise, <strong>collaboration between <\/strong>border territories<\/strong> is crucial to ensure an effective response to disasters and emergencies in the cross-border territory.<\/p>\n\n\n\n<div style=\"height:79px\" aria-hidden=\"true\" class=\"wp-block-spacer\"><\/div>\n\n\n\n<figure class=\"wp-block-image aligncenter size-full is-resized\"><img loading=\"lazy\" decoding=\"async\" width=\"1000\" height=\"575\" src=\"http:\/\/www.sa-urg.eu\/wp-content\/uploads\/2024\/05\/mapa_para-web_SAURG-01-01.png\" alt=\"\" class=\"wp-image-782\" style=\"width:1137px;height:auto\" srcset=\"https:\/\/www.sa-urg.eu\/wp-content\/uploads\/2024\/05\/mapa_para-web_SAURG-01-01.png 1000w, https:\/\/www.sa-urg.eu\/wp-content\/uploads\/2024\/05\/mapa_para-web_SAURG-01-01-300x173.png 300w, https:\/\/www.sa-urg.eu\/wp-content\/uploads\/2024\/05\/mapa_para-web_SAURG-01-01-18x10.png 18w\" sizes=\"auto, (max-width: 1000px) 100vw, 1000px\" \/><\/figure>\n\n\n\n<div style=\"height:56px\" aria-hidden=\"true\" class=\"wp-block-spacer\"><\/div>\n\n\n\n<p class=\"has-secondary-color has-text-color has-link-color has-large-font-size wp-elements-eaf33ce71d64ffd2fe865d6e2abfa08b\"><strong>Participating territories<\/strong><\/p>\n\n\n\n<ul class=\"wp-block-list\">\n<li><strong>CHU Toulouse<\/strong><\/li>\n\n\n\n<li><strong>Navarrabiomed<\/strong><\/li>\n\n\n\n<li><strong>SEM<\/strong><\/li>\n\n\n\n<li><strong>Centre Hospitalier de la C\u00f4te Basque<\/strong><\/li>\n\n\n\n<li><strong>Aragonese Health Service<\/strong><\/li>\n<\/ul>\n\n\n\n<p class=\"has-secondary-color has-text-color has-link-color has-large-font-size wp-elements-08b25e1aca59720ffbebf3c2495a2e82\"><strong>Associate Partners<\/strong><\/p>\n\n\n\n<ul class=\"wp-block-list\">\n<li><strong>Osakidetza (Health Department of the Basque Country)<\/strong><\/li>\n\n\n\n<li><strong>Servei Andorra<\/strong> d'atenci\u00f3 Sanit\u00e0ria (Servei d'Urgencies i Servei Urgent M\u00e8dic (SUM))<\/li>\n\n\n\n<li>CENTER HOSPITALIER DES VALLEES D'ARIEGE (SMUR SAMU - CESU)<\/li>\n\n\n\n<li>CENTRE HOSPITALIER COMMINGES PYRENEES (Emergency Service)<\/li>\n\n\n\n<li>Centre Hospitalier de Pau (SAMU)<\/li>\n\n\n\n<li>Centre Hospitalier Tarbes-Lourdes (SAMU SMUR)<\/li>\n\n\n\n<li>Aranese Health and Wellness Service (Emergencies)<\/li>\n\n\n\n<li>Centre Hospitalier de Perpignan (SAMU 66)<\/li>\n\n\n\n<li>GROUPEMENT EUROP\u00c9EN DE COOP\u00c9RATION TERRITORIALE H\u00d4PITAL DE CERDAGNE<\/li>\n<\/ul>\n\n\n\n<p><strong>(Service des urgences)<\/strong><\/p>\n\n\n\n<ul class=\"wp-block-list\">\n<li>PE\u00d1A GUARA\" MOUNTAIN CLUB OF HUESCA (HEALTH)<\/li>\n\n\n\n<li>Government of Aragon (DEPARTMENT OF PRESIDENCY AND INSTITUTIONAL RELATIONS - GENERAL DIRECTION OF SECURITY AND CIVIL PROTECTION)<\/li>\n<\/ul>\n\n\n\n<div style=\"height:101px\" aria-hidden=\"true\" class=\"wp-block-spacer\"><\/div>\n\n\n\n<figure class=\"wp-block-image size-large\"><img loading=\"lazy\" decoding=\"async\" width=\"1024\" height=\"289\" src=\"http:\/\/www.sa-urg.eu\/wp-content\/uploads\/2024\/04\/Logos_web-4-1024x289.jpg\" alt=\"\" class=\"wp-image-490\" srcset=\"https:\/\/www.sa-urg.eu\/wp-content\/uploads\/2024\/04\/Logos_web-4-1024x289.jpg 1024w, https:\/\/www.sa-urg.eu\/wp-content\/uploads\/2024\/04\/Logos_web-4-300x85.jpg 300w, https:\/\/www.sa-urg.eu\/wp-content\/uploads\/2024\/04\/Logos_web-4-768x217.jpg 768w, https:\/\/www.sa-urg.eu\/wp-content\/uploads\/2024\/04\/Logos_web-4-18x5.jpg 18w, https:\/\/www.sa-urg.eu\/wp-content\/uploads\/2024\/04\/Logos_web-4.jpg 1200w\" sizes=\"auto, (max-width: 1024px) 100vw, 1024px\" \/><\/figure>","protected":false},"excerpt":{"rendered":"<p>Partners and Territories The territories of the Pyrenean chain share geographical characteristics that make land communication difficult, resulting in reduced accessibility to health services for the populations. In addition, factors such as the practice of sports in the mountainous area, the climate and tourist agglomerations increase the risks. Likewise, collaboration between ... <\/p>\n<p class=\"link-more\"><a href=\"https:\/\/www.sa-urg.eu\/en\/socios-y-territorios\/\" class=\"more-link\">Read more<span class=\"screen-reader-text\"> \"Partners and Territory\".<\/span><\/a><\/p>","protected":false},"author":1,"featured_media":0,"parent":0,"menu_order":0,"comment_status":"closed","ping_status":"closed","template":"","meta":{"_themeisle_gutenberg_block_has_review":false,"footnotes":""},"class_list":["post-784","page","type-page","status-publish","hentry"],"_links":{"self":[{"href":"https:\/\/www.sa-urg.eu\/en\/wp-json\/wp\/v2\/pages\/784","targetHints":{"allow":["GET"]}}],"collection":[{"href":"https:\/\/www.sa-urg.eu\/en\/wp-json\/wp\/v2\/pages"}],"about":[{"href":"https:\/\/www.sa-urg.eu\/en\/wp-json\/wp\/v2\/types\/page"}],"author":[{"embeddable":true,"href":"https:\/\/www.sa-urg.eu\/en\/wp-json\/wp\/v2\/users\/1"}],"replies":[{"embeddable":true,"href":"https:\/\/www.sa-urg.eu\/en\/wp-json\/wp\/v2\/comments?post=784"}],"version-history":[{"count":14,"href":"https:\/\/www.sa-urg.eu\/en\/wp-json\/wp\/v2\/pages\/784\/revisions"}],"predecessor-version":[{"id":855,"href":"https:\/\/www.sa-urg.eu\/en\/wp-json\/wp\/v2\/pages\/784\/revisions\/855"}],"wp:attachment":[{"href":"https:\/\/www.sa-urg.eu\/en\/wp-json\/wp\/v2\/media?parent=784"}],"curies":[{"name":"wp","href":"https:\/\/api.w.org\/{rel}","templated":true}]}}