{"id":13,"date":"2024-04-23T15:21:48","date_gmt":"2024-04-23T13:21:48","guid":{"rendered":"https:\/\/www.sa-urg.eu\/?page_id=13"},"modified":"2024-06-05T10:05:52","modified_gmt":"2024-06-05T08:05:52","slug":"detalles-del-proyecto","status":"publish","type":"page","link":"https:\/\/www.sa-urg.eu\/fr\/detalles-del-proyecto\/","title":{"rendered":"Projet"},"content":{"rendered":"<div class=\"wp-block-cover alignfull has-parallax\" style=\"min-height:550px;aspect-ratio:unset;\"><span aria-hidden=\"true\" class=\"wp-block-cover__background has-primary-background-color has-background-dim\"><\/span><div class=\"wp-block-cover__image-background wp-image-808 has-parallax\" style=\"background-position:50% 50%;background-image:url(http:\/\/www.sa-urg.eu\/wp-content\/uploads\/2024\/05\/cabecera_01.jpg)\"><\/div><div class=\"wp-block-cover__inner-container is-layout-flow wp-block-cover-is-layout-flow\">\n<p class=\"has-text-align-center has-white-color has-text-color has-link-color wp-elements-69584ca6921274c4c8362dd303755568\" style=\"font-size:clamp(37.821px, 2.364rem + ((1vw - 3.2px) * 3.352), 70px);\"><strong><a href=\"https:\/\/www.sa-urg.eu\/fr\/\" data-type=\"link\" data-id=\"sa-urg.eu\">SA-URG<\/a><\/strong><\/p>\n\n\n\n<p class=\"has-text-align-center has-white-color has-text-color has-medium-font-size\" style=\"letter-spacing:1px\"><\/p>\n\n\n\n<div class=\"wp-block-buttons is-content-justification-center is-layout-flex wp-container-core-buttons-is-layout-a89b3969 wp-block-buttons-is-layout-flex\"><\/div>\n<\/div><\/div>\n\n\n\n<div style=\"height:58px\" aria-hidden=\"true\" class=\"wp-block-spacer\"><\/div>\n\n\n\n<h1 class=\"wp-block-heading has-secondary-color has-text-color has-link-color has-x-large-font-size wp-elements-47264a7351d12c5d33ecc7f50b2608c3\">Le projet SA-URG<\/h1>\n\n\n\n<p class=\"translation-block\"><strong>La zone de la fronti\u00e8re pyr\u00e9n\u00e9ene est confront\u00e9e \u00e0 plusieurs d\u00e9fis relatifs \u00e0 l\u2019accessibilit\u00e9:<\/strong> dispersion des \u00e9quipes sanitaires, petits centres m\u00e9dicaux loin des h\u00f4pitaux. Par ailleurs, l\u2019afflux touristique ainsi que la pratique sportive dans la zone montagneuse sont autant de situations \u00e0 risque auxquelles les \u00e9quipes de sant\u00e9 et les professionnels sanitaires d\u2019urgence doivent faire face quotidiennement.<\/p>\n\n\n\n<p><strong>Le projet SA-URG<\/strong>&nbsp;<\/strong>Le projet SA-URG<\/strong> a pour objectif d\u2019am\u00e9liorer les soins de sant\u00e9 en cas d\u2019urgence et de catastrophe gr\u00e2ce \u00e0 la coop\u00e9ration entre les r\u00e9gions frontali\u00e8res et au renforcement des capacit\u00e9s de gestion des urgences et des soins de sant\u00e9 sur le territoire transfrontalier.<\/p>\n\n\n\n<p class=\"translation-block\">Le projet SA-URG fait suite au projet <a href=\"https:\/\/egalurg.es\/\" target=\"_blank\" rel=\"noreferrer noopener\">proyecto EGALURG<\/a> et vise \u00e0 r\u00e9soudre les probl\u00e8mes d\u2019accessibilit\u00e9 aux services de sant\u00e9 dans la zone transfrontali\u00e8re pyr\u00e9n\u00e9enne. Par ailleurs, il est pr\u00e9vu de cr\u00e9er une \u00e9quipe de sant\u00e9 mobile transfrontali\u00e8re et de d\u00e9velopper un programme de formation pour les professionnels de sant\u00e9 des territoires frontaliers, ainsi que des outils num\u00e9riques pour am\u00e9liorer l\u2019efficacit\u00e9 des interventions d\u2019urgence.<\/p>\n\n\n\n<div style=\"height:25px\" aria-hidden=\"true\" class=\"wp-block-spacer\"><\/div>\n\n\n\n<div class=\"wp-block-columns is-layout-flex wp-container-core-columns-is-layout-28f84493 wp-block-columns-is-layout-flex\">\n<div class=\"wp-block-column is-vertically-aligned-center is-layout-flow wp-block-column-is-layout-flow\">\n<figure class=\"wp-block-image size-full is-resized\"><img loading=\"lazy\" decoding=\"async\" width=\"300\" height=\"300\" src=\"http:\/\/www.sa-urg.eu\/wp-content\/uploads\/2024\/05\/sa-urg05.jpg\" alt=\"\" class=\"wp-image-930\" style=\"width:366px;height:auto\" srcset=\"https:\/\/www.sa-urg.eu\/wp-content\/uploads\/2024\/05\/sa-urg05.jpg 300w, https:\/\/www.sa-urg.eu\/wp-content\/uploads\/2024\/05\/sa-urg05-150x150.jpg 150w, https:\/\/www.sa-urg.eu\/wp-content\/uploads\/2024\/05\/sa-urg05-12x12.jpg 12w\" sizes=\"auto, (max-width: 300px) 100vw, 300px\" \/><\/figure>\n<\/div>\n\n\n\n<div class=\"wp-block-column is-layout-flow wp-block-column-is-layout-flow\">\n<figure class=\"wp-block-image size-full is-resized\"><img loading=\"lazy\" decoding=\"async\" width=\"600\" height=\"600\" src=\"http:\/\/www.sa-urg.eu\/wp-content\/uploads\/2024\/04\/Saurgs-02.png\" alt=\"\" class=\"wp-image-363\" style=\"width:364px;height:auto\" srcset=\"https:\/\/www.sa-urg.eu\/wp-content\/uploads\/2024\/04\/Saurgs-02.png 600w, https:\/\/www.sa-urg.eu\/wp-content\/uploads\/2024\/04\/Saurgs-02-300x300.png 300w, https:\/\/www.sa-urg.eu\/wp-content\/uploads\/2024\/04\/Saurgs-02-150x150.png 150w, https:\/\/www.sa-urg.eu\/wp-content\/uploads\/2024\/04\/Saurgs-02-12x12.png 12w\" sizes=\"auto, (max-width: 600px) 100vw, 600px\" \/><\/figure>\n<\/div>\n\n\n\n<div class=\"wp-block-column is-layout-flow wp-block-column-is-layout-flow\">\n<figure class=\"wp-block-image size-full is-resized\"><img loading=\"lazy\" decoding=\"async\" width=\"300\" height=\"300\" src=\"http:\/\/www.sa-urg.eu\/wp-content\/uploads\/2024\/05\/sa-urg01.png\" alt=\"\" class=\"wp-image-927\" style=\"width:367px;height:auto\" srcset=\"https:\/\/www.sa-urg.eu\/wp-content\/uploads\/2024\/05\/sa-urg01.png 300w, https:\/\/www.sa-urg.eu\/wp-content\/uploads\/2024\/05\/sa-urg01-150x150.png 150w, https:\/\/www.sa-urg.eu\/wp-content\/uploads\/2024\/05\/sa-urg01-12x12.png 12w\" sizes=\"auto, (max-width: 300px) 100vw, 300px\" \/><\/figure>\n<\/div>\n<\/div>\n\n\n\n<div style=\"height:54px\" aria-hidden=\"true\" class=\"wp-block-spacer\"><\/div>\n\n\n\n<p class=\"has-text-align-left has-secondary-color has-text-color has-link-color wp-elements-5de03880ca10855da37bdf6c1517d76b\" style=\"font-size:clamp(22.041px, 1.378rem + ((1vw - 3.2px) * 1.454), 36px);\"><strong>Actions<\/strong><\/p>\n\n\n\n<div class=\"wp-block-media-text is-stacked-on-mobile\" style=\"grid-template-columns:15% auto\"><figure class=\"wp-block-media-text__media\"><img loading=\"lazy\" decoding=\"async\" width=\"251\" height=\"252\" src=\"https:\/\/www.sa-urg.eu\/wp-content\/uploads\/2024\/05\/iconos-13.jpg\" alt=\"\" class=\"wp-image-737 size-full\" srcset=\"https:\/\/www.sa-urg.eu\/wp-content\/uploads\/2024\/05\/iconos-13.jpg 251w, https:\/\/www.sa-urg.eu\/wp-content\/uploads\/2024\/05\/iconos-13-150x150.jpg 150w, https:\/\/www.sa-urg.eu\/wp-content\/uploads\/2024\/05\/iconos-13-12x12.jpg 12w\" sizes=\"auto, (max-width: 251px) 100vw, 251px\" \/><\/figure><div class=\"wp-block-media-text__content\">\n<p class=\"has-text-align-left has-primary-color has-text-color has-link-color wp-elements-7a1e00d8eba2570040ba15230ecbb1de\" style=\"font-size:clamp(16.293px, 1.018rem + ((1vw - 3.2px) * 0.907), 25px);\"><strong><strong>Outils num\u00e9riques et technologiques<\/strong><\/strong><\/p>\n\n\n\n<p style=\"font-size:clamp(14px, 0.875rem + ((1vw - 3.2px) * 0.313), 17px);\">D\u00e9veloppement, utilisation et \u00e9valuation des outils num\u00e9riques et technologiques sur le terrain (cartographie adaptative et partag\u00e9e, outil de consultation et de partage de protocoles communs, plateforme de gestion des ressources et aide \u00e0 l\u2019analyse des \u00e9v\u00e9nements en temps r\u00e9el).<\/p>\n<\/div><\/div>\n\n\n\n<div style=\"height:33px\" aria-hidden=\"true\" class=\"wp-block-spacer\"><\/div>\n\n\n\n<div class=\"wp-block-media-text is-stacked-on-mobile\" style=\"grid-template-columns:15% auto\"><figure class=\"wp-block-media-text__media\"><img loading=\"lazy\" decoding=\"async\" width=\"1024\" height=\"1024\" src=\"https:\/\/www.sa-urg.eu\/wp-content\/uploads\/2024\/05\/iconos-14-11-1024x1024.jpg\" alt=\"\" class=\"wp-image-812 size-full\" srcset=\"https:\/\/www.sa-urg.eu\/wp-content\/uploads\/2024\/05\/iconos-14-11-1024x1024.jpg 1024w, https:\/\/www.sa-urg.eu\/wp-content\/uploads\/2024\/05\/iconos-14-11-300x300.jpg 300w, https:\/\/www.sa-urg.eu\/wp-content\/uploads\/2024\/05\/iconos-14-11-150x150.jpg 150w, https:\/\/www.sa-urg.eu\/wp-content\/uploads\/2024\/05\/iconos-14-11-12x12.jpg 12w, https:\/\/www.sa-urg.eu\/wp-content\/uploads\/2024\/05\/iconos-14-11.jpg 1044w\" sizes=\"auto, (max-width: 1024px) 100vw, 1024px\" \/><\/figure><div class=\"wp-block-media-text__content\">\n<p class=\"has-neve-link-hover-color-color has-text-color has-link-color wp-elements-528d454ebed7171f49439ab3306bf881\" style=\"font-size:clamp(16.293px, 1.018rem + ((1vw - 3.2px) * 0.907), 25px);\"><strong><strong><strong>Cr\u00e9ation d\u2019une \u00e9quipe mobile transpyr\u00e9n\u00e9enne<\/strong><\/strong><\/strong><\/p>\n\n\n\n<p style=\"font-size:clamp(14px, 0.875rem + ((1vw - 3.2px) * 0.313), 17px);\">Formation homologu\u00e9e du personnel et des des professionnels identifi\u00e9s pour rejoindre l\u2019\u00e9quipe mobile transfrontali\u00e8re pyr\u00e9n\u00e9enne.<\/p>\n<\/div><\/div>\n\n\n\n<div style=\"height:33px\" aria-hidden=\"true\" class=\"wp-block-spacer\"><\/div>\n\n\n\n<div class=\"wp-block-media-text is-stacked-on-mobile\" style=\"grid-template-columns:15% auto\"><figure class=\"wp-block-media-text__media\"><img loading=\"lazy\" decoding=\"async\" width=\"1024\" height=\"1024\" src=\"https:\/\/www.sa-urg.eu\/wp-content\/uploads\/2024\/06\/ikonooos-09-1024x1024.png\" alt=\"\" class=\"wp-image-958 size-full\" srcset=\"https:\/\/www.sa-urg.eu\/wp-content\/uploads\/2024\/06\/ikonooos-09-1024x1024.png 1024w, https:\/\/www.sa-urg.eu\/wp-content\/uploads\/2024\/06\/ikonooos-09-300x300.png 300w, https:\/\/www.sa-urg.eu\/wp-content\/uploads\/2024\/06\/ikonooos-09-150x150.png 150w, https:\/\/www.sa-urg.eu\/wp-content\/uploads\/2024\/06\/ikonooos-09-12x12.png 12w, https:\/\/www.sa-urg.eu\/wp-content\/uploads\/2024\/06\/ikonooos-09.png 1043w\" sizes=\"auto, (max-width: 1024px) 100vw, 1024px\" \/><\/figure><div class=\"wp-block-media-text__content\">\n<p class=\"has-neve-link-hover-color-color has-text-color has-link-color wp-elements-ed7f445e88fce7811be943341927530d\" style=\"font-size:clamp(16.293px, 1.018rem + ((1vw - 3.2px) * 0.907), 25px);\"><strong><strong><strong><strong>Am\u00e9lioration de la r\u00e9ponse sanitaire en cas d\u2019urgence<\/strong><\/strong><\/strong><\/strong><\/p>\n\n\n\n<p style=\"font-size:clamp(14px, 0.875rem + ((1vw - 3.2px) * 0.313), 17px);\">\u00c9laboration de proc\u00e9dures communes qui renforceront les syst\u00e8mes en place et am\u00e9lioreront les interventions en cas d\u2019urgence.<\/p>\n<\/div><\/div>\n\n\n\n<div class=\"wp-block-group is-layout-flow wp-block-group-is-layout-flow\">\n<div style=\"height:41px\" aria-hidden=\"true\" class=\"wp-block-spacer\"><\/div>\n<\/div>\n\n\n\n<div style=\"height:100px\" aria-hidden=\"true\" class=\"wp-block-spacer\"><\/div>\n\n\n\n<figure class=\"wp-block-image aligncenter size-large\"><img loading=\"lazy\" decoding=\"async\" width=\"1024\" height=\"289\" src=\"http:\/\/www.sa-urg.eu\/wp-content\/uploads\/2024\/04\/Logos_web-4-1024x289.jpg\" alt=\"\" class=\"wp-image-490\" srcset=\"https:\/\/www.sa-urg.eu\/wp-content\/uploads\/2024\/04\/Logos_web-4-1024x289.jpg 1024w, https:\/\/www.sa-urg.eu\/wp-content\/uploads\/2024\/04\/Logos_web-4-300x85.jpg 300w, https:\/\/www.sa-urg.eu\/wp-content\/uploads\/2024\/04\/Logos_web-4-768x217.jpg 768w, https:\/\/www.sa-urg.eu\/wp-content\/uploads\/2024\/04\/Logos_web-4-18x5.jpg 18w, https:\/\/www.sa-urg.eu\/wp-content\/uploads\/2024\/04\/Logos_web-4.jpg 1200w\" sizes=\"auto, (max-width: 1024px) 100vw, 1024px\" \/><\/figure>\n\n\n\n<div class=\"wp-block-cover alignfull is-light\" style=\"min-height:300px;aspect-ratio:unset;\"><span aria-hidden=\"true\" class=\"wp-block-cover__background has-nv-dark-bg-background-color has-background-dim-100 has-background-dim\"><\/span><div class=\"wp-block-cover__inner-container is-layout-flow wp-block-cover-is-layout-flow\">\n<div style=\"height:0px\" aria-hidden=\"true\" class=\"wp-block-spacer\"><\/div>\n\n\n\n<h2 class=\"wp-block-heading has-text-align-center has-nv-text-dark-bg-color has-text-color\"><\/h2>\n\n\n\n<p class=\"has-text-align-center has-white-color has-text-color has-link-color has-medium-font-size wp-elements-b4830ed15add389aa475434ca2770647\">Promouvoir une approche transfrontali\u00e8re des soins d\u2019urgence<\/p>\n\n\n\n<p class=\"has-text-align-center has-white-color has-text-color has-link-color has-medium-font-size wp-elements-f42332a5a670735f1c1c7ce2dbd3fd1f\">pour am\u00e9liorer les soins de sant\u00e9 de la population<\/p>\n\n\n\n<div class=\"wp-block-buttons is-content-justification-center is-layout-flex wp-container-core-buttons-is-layout-a89b3969 wp-block-buttons-is-layout-flex\"><\/div>\n\n\n\n<div style=\"height:47px\" aria-hidden=\"true\" class=\"wp-block-spacer\"><\/div>\n<\/div><\/div>\n\n\n\n<div class=\"wp-block-group alignfull has-global-padding is-layout-constrained wp-container-core-group-is-layout-23b1a4dc wp-block-group-is-layout-constrained\" style=\"padding-top:var(--wp--preset--spacing--30);padding-right:var(--wp--preset--spacing--30);padding-bottom:var(--wp--preset--spacing--30);padding-left:var(--wp--preset--spacing--30)\">\n<div class=\"wp-block-group alignwide is-content-justification-space-between is-layout-flex wp-container-core-group-is-layout-b2891da8 wp-block-group-is-layout-flex\">\n<div class=\"wp-block-group is-layout-flex wp-block-group-is-layout-flex\">\n\n<\/div>\n\n\n<nav class=\"is-responsive items-justified-right wp-block-navigation is-content-justification-right is-layout-flex wp-container-core-navigation-is-layout-f665d2b5 wp-block-navigation-is-layout-flex\" aria-label=\"Navigation\" \n\t\t data-wp-interactive=\"core\/navigation\" data-wp-context='{\"overlayOpenedBy\":{\"click\":false,\"hover\":false,\"focus\":false},\"type\":\"overlay\",\"roleAttribute\":\"\",\"ariaLabel\":\"Menu\"}'><button aria-haspopup=\"dialog\" aria-label=\"Ouvrir le menu\" class=\"wp-block-navigation__responsive-container-open\" \n\t\t\t\tdata-wp-on--click=\"actions.openMenuOnClick\"\n\t\t\t\tdata-wp-on--keydown=\"actions.handleMenuKeydown\"\n\t\t\t><svg width=\"24\" height=\"24\" xmlns=\"http:\/\/www.w3.org\/2000\/svg\" viewbox=\"0 0 24 24\" aria-hidden=\"true\" focusable=\"false\"><path d=\"M4 7.5h16v1.5H4z\"><\/path><path d=\"M4 15h16v1.5H4z\"><\/path><\/svg><\/button>\n\t\t\t\t<div class=\"wp-block-navigation__responsive-container\"  id=\"modal-1\" \n\t\t\t\tdata-wp-class--has-modal-open=\"state.isMenuOpen\"\n\t\t\t\tdata-wp-class--is-menu-open=\"state.isMenuOpen\"\n\t\t\t\tdata-wp-watch=\"callbacks.initMenu\"\n\t\t\t\tdata-wp-on--keydown=\"actions.handleMenuKeydown\"\n\t\t\t\tdata-wp-on--focusout=\"actions.handleMenuFocusout\"\n\t\t\t\ttabindex=\"-1\"\n\t\t\t>\n\t\t\t\t\t<div class=\"wp-block-navigation__responsive-close\" tabindex=\"-1\">\n\t\t\t\t\t\t<div class=\"wp-block-navigation__responsive-dialog\" \n\t\t\t\tdata-wp-bind--aria-modal=\"state.ariaModal\"\n\t\t\t\tdata-wp-bind--aria-label=\"state.ariaLabel\"\n\t\t\t\tdata-wp-bind--role=\"state.roleAttribute\"\n\t\t\t>\n\t\t\t\t\t\t\t<button aria-label=\"Fermer le menu\" class=\"wp-block-navigation__responsive-container-close\" \n\t\t\t\tdata-wp-on--click=\"actions.closeMenuOnClick\"\n\t\t\t><svg xmlns=\"http:\/\/www.w3.org\/2000\/svg\" viewbox=\"0 0 24 24\" width=\"24\" height=\"24\" aria-hidden=\"true\" focusable=\"false\"><path d=\"m13.06 12 6.47-6.47-1.06-1.06L12 10.94 5.53 4.47 4.47 5.53 10.94 12l-6.47 6.47 1.06 1.06L12 13.06l6.47 6.47 1.06-1.06L13.06 12Z\"><\/path><\/svg><\/button>\n\t\t\t\t\t\t\t<div class=\"wp-block-navigation__responsive-container-content\" \n\t\t\t\tdata-wp-watch=\"callbacks.focusFirstElement\"\n\t\t\t id=\"modal-1-content\">\n\t\t\t\t\t\t\t\t<ul class=\"wp-block-navigation__container is-responsive items-justified-right wp-block-navigation\"><ul class=\"wp-block-page-list\"><li class=\"wp-block-pages-list__item wp-block-navigation-item open-on-hover-click\"><a class=\"wp-block-pages-list__item__link wp-block-navigation-item__content\" href=\"https:\/\/www.sa-urg.eu\/fr\/login\/\">Acc\u00e8s<\/a><\/li><li class=\"wp-block-pages-list__item wp-block-navigation-item open-on-hover-click\"><a class=\"wp-block-pages-list__item__link wp-block-navigation-item__content\" href=\"https:\/\/www.sa-urg.eu\/fr\/actualidad\/\">Actualit\u00e9<\/a><\/li><li class=\"wp-block-pages-list__item wp-block-navigation-item open-on-hover-click\"><a class=\"wp-block-pages-list__item__link wp-block-navigation-item__content\" href=\"https:\/\/www.sa-urg.eu\/fr\/documentos\/\">Contenu restreint<\/a><\/li><li class=\"wp-block-pages-list__item wp-block-navigation-item open-on-hover-click\"><a class=\"wp-block-pages-list__item__link wp-block-navigation-item__content\" href=\"https:\/\/www.sa-urg.eu\/fr\/egalurg\/\">EGALURG<\/a><\/li><li class=\"wp-block-pages-list__item wp-block-navigation-item open-on-hover-click\"><a class=\"wp-block-pages-list__item__link wp-block-navigation-item__content\" href=\"https:\/\/www.sa-urg.eu\/fr\/account\/\">LOGIN<\/a><\/li><li class=\"wp-block-pages-list__item wp-block-navigation-item open-on-hover-click\"><a class=\"wp-block-pages-list__item__link wp-block-navigation-item__content\" href=\"https:\/\/www.sa-urg.eu\/fr\/members\/\">Les membres<\/a><\/li><li class=\"wp-block-pages-list__item wp-block-navigation-item open-on-hover-click\"><a class=\"wp-block-pages-list__item__link wp-block-navigation-item__content\" href=\"https:\/\/www.sa-urg.eu\/fr\/register\/\">Registre<\/a><\/li><li class=\"wp-block-pages-list__item wp-block-navigation-item open-on-hover-click\"><a class=\"wp-block-pages-list__item__link wp-block-navigation-item__content\" href=\"https:\/\/www.sa-urg.eu\/fr\/password-reset\/\">R\u00e9initialiser le mot de passe<\/a><\/li><li class=\"wp-block-pages-list__item wp-block-navigation-item open-on-hover-click\"><a class=\"wp-block-pages-list__item__link wp-block-navigation-item__content\" href=\"https:\/\/www.sa-urg.eu\/fr\/logout\/\">Sortie<\/a><\/li><li class=\"wp-block-pages-list__item wp-block-navigation-item open-on-hover-click\"><a class=\"wp-block-pages-list__item__link wp-block-navigation-item__content\" href=\"https:\/\/www.sa-urg.eu\/fr\/socios-y-territorios\/\">Partenaires et territoire<\/a><\/li><li class=\"wp-block-pages-list__item wp-block-navigation-item open-on-hover-click\"><a class=\"wp-block-pages-list__item__link wp-block-navigation-item__content\" href=\"https:\/\/www.sa-urg.eu\/fr\/subir-documento\/\">Contenu restreint<\/a><\/li><li class=\"wp-block-pages-list__item wp-block-navigation-item open-on-hover-click\"><a class=\"wp-block-pages-list__item__link wp-block-navigation-item__content\" href=\"https:\/\/www.sa-urg.eu\/fr\/user\/\">Utilisateur<\/a><\/li><li class=\"wp-block-pages-list__item wp-block-navigation-item open-on-hover-click menu-item-home\"><a class=\"wp-block-pages-list__item__link wp-block-navigation-item__content\" href=\"https:\/\/www.sa-urg.eu\/fr\/\">(pas de titre)<\/a><\/li><li class=\"wp-block-pages-list__item wp-block-navigation-item open-on-hover-click\"><a class=\"wp-block-pages-list__item__link wp-block-navigation-item__content\" href=\"https:\/\/www.sa-urg.eu\/fr\/detalles-del-proyecto\/\">Projet<\/a><\/li><\/ul><\/ul>\n\t\t\t\t\t\t\t<\/div>\n\t\t\t\t\t\t<\/div>\n\t\t\t\t\t<\/div>\n\t\t\t\t<\/div><\/nav><\/div>\n<\/div>","protected":false},"excerpt":{"rendered":"<p>Le projet SA-URG La zone frontali\u00e8re pyr\u00e9n\u00e9enne est confront\u00e9e \u00e0 plusieurs d\u00e9fis communs en termes d'accessibilit\u00e9 : dispersion des \u00e9quipes de sant\u00e9, pr\u00e9sence de petits centres m\u00e9dicaux et \u00e9loignement des h\u00f4pitaux. D'autre part, l'afflux de touristes, ainsi que la pratique de sports dans la zone montagneuse, sont d'autres situations \u00e0 risque auxquelles la zone frontali\u00e8re des Pyr\u00e9n\u00e9es est ... <\/p>\n<p class=\"link-more\"><a href=\"https:\/\/www.sa-urg.eu\/fr\/detalles-del-proyecto\/\" class=\"more-link\">Lire la suite de<span class=\"screen-reader-text\">\"Projet \"<\/span><\/a><\/p>","protected":false},"author":1,"featured_media":0,"parent":0,"menu_order":2,"comment_status":"closed","ping_status":"closed","template":"","meta":{"_themeisle_gutenberg_block_has_review":false,"footnotes":""},"class_list":["post-13","page","type-page","status-publish","hentry"],"_links":{"self":[{"href":"https:\/\/www.sa-urg.eu\/fr\/wp-json\/wp\/v2\/pages\/13","targetHints":{"allow":["GET"]}}],"collection":[{"href":"https:\/\/www.sa-urg.eu\/fr\/wp-json\/wp\/v2\/pages"}],"about":[{"href":"https:\/\/www.sa-urg.eu\/fr\/wp-json\/wp\/v2\/types\/page"}],"author":[{"embeddable":true,"href":"https:\/\/www.sa-urg.eu\/fr\/wp-json\/wp\/v2\/users\/1"}],"replies":[{"embeddable":true,"href":"https:\/\/www.sa-urg.eu\/fr\/wp-json\/wp\/v2\/comments?post=13"}],"version-history":[{"count":113,"href":"https:\/\/www.sa-urg.eu\/fr\/wp-json\/wp\/v2\/pages\/13\/revisions"}],"predecessor-version":[{"id":959,"href":"https:\/\/www.sa-urg.eu\/fr\/wp-json\/wp\/v2\/pages\/13\/revisions\/959"}],"wp:attachment":[{"href":"https:\/\/www.sa-urg.eu\/fr\/wp-json\/wp\/v2\/media?parent=13"}],"curies":[{"name":"wp","href":"https:\/\/api.w.org\/{rel}","templated":true}]}}