{"id":2271,"date":"2025-03-10T17:53:05","date_gmt":"2025-03-10T16:53:05","guid":{"rendered":"https:\/\/www.sa-urg.eu\/?page_id=2271"},"modified":"2025-05-27T11:14:18","modified_gmt":"2025-05-27T09:14:18","slug":"documentos","status":"publish","type":"page","link":"https:\/\/www.sa-urg.eu\/fr\/documentos\/","title":{"rendered":"Contenu restreint"},"content":{"rendered":"<div class=\"wpb-content-wrapper\"><div data-vc-full-width=\"true\" data-vc-full-width-init=\"false\" class=\"vc_row wpb_row vc_row-fluid vc_custom_1607523548631 vc_row-has-fill vc_column-gap-30\"><div class=\"wpb_column vc_column_container vc_col-sm-4\"><div class=\"vc_column-inner\"><div class=\"wpb_wrapper\"><h2 style=\"text-align: left;font-family:Open Sans;font-weight:800;font-style:normal\" class=\"vc_custom_heading vc_do_custom_heading\" ><strong>Action 1<\/strong> - Gestion et coordination<\/h2><div class=\"vc_separator wpb_content_element vc_separator_align_center vc_sep_width_100 vc_sep_pos_align_center vc_separator_no_text vc_sep_color_black wpb_content_element  wpb_content_element\" ><span class=\"vc_sep_holder vc_sep_holder_l\"><span class=\"vc_sep_line\"><\/span><\/span><span class=\"vc_sep_holder vc_sep_holder_r\"><span class=\"vc_sep_line\"><\/span><\/span>\n<\/div>\n\t<div class=\"wpb_text_column wpb_content_element doclist\" >\n\t\t<div class=\"wpb_wrapper\">\n\t\t\t<div class=\"um-docs-list\" id=\"umDocsList\"><table id=\"um_docs_table\">\n\t<thead>\n\t\t<tr>\n\t\t\t<th class=\"um-docs-title-col\">Nom<\/th>\n\t\t\t<th>T\u00e9l\u00e9chargements<\/th>\n\t\t\t\t\t<\/tr>\n\t<\/thead>\n\t<tbody>\n\t\t<tr class=\"um-doc-item\">\n\t<td class=\"um-docs-title-col\"><strong>COPIL Pampelune_Compte-rendu \/ Rapport (minutes) 2024\/11.27-28&nbsp; <\/strong>\n\t\t<div class=\"um-doc-item-meta\">\n\t\t\t<div>Cr\u00e9\u00e9 il y a11 mois <\/div>\n\t\t\t<div>Par <a href=\"https:\/\/www.sa-urg.eu\/fr\/user\/admin_sa_urg\/?profiletab=documents\" class=\"um-doc-author-link\">SA-URG<\/a><\/div>\n\t\t  <\/div>\n\t<\/td>\n\t<td align=\"center\">\n\t\t<div class=\"docs-text-center docs-downloads-count\">\n\t\t\t8 T\u00e9l\u00e9chargements\t\t<\/div>\n\t\t\t\t<div class=\"docs-download-btn\">\n\t\t\t<a href=\"https:\/\/www.sa-urg.eu\/fr\/?um_download=2397&amp;token=d55522e03d\" target=\"_blank\" class=\"btn button um-button um-doc-button\" >T\u00e9l\u00e9charger<\/a>\t\t<\/div>\n\t\t\t<\/td>\n\t<\/tr><tr class=\"um-doc-item\">\n\t<td class=\"um-docs-title-col\"><strong>COPIL Bayonne_Compte-rendu \/ Rapport (minutes)-2024\/06\/13-1&nbsp; <\/strong>\n\t\t<div class=\"um-doc-item-meta\">\n\t\t\t<div>Cr\u00e9\u00e9 il y a11 mois <\/div>\n\t\t\t<div>Par <a href=\"https:\/\/www.sa-urg.eu\/fr\/user\/admin_sa_urg\/?profiletab=documents\" class=\"um-doc-author-link\">SA-URG<\/a><\/div>\n\t\t  <\/div>\n\t<\/td>\n\t<td align=\"center\">\n\t\t<div class=\"docs-text-center docs-downloads-count\">\n\t\t\t8 T\u00e9l\u00e9chargements\t\t<\/div>\n\t\t\t\t<div class=\"docs-download-btn\">\n\t\t\t<a href=\"https:\/\/www.sa-urg.eu\/fr\/?um_download=2395&amp;token=b241047abf\" target=\"_blank\" class=\"btn button um-button um-doc-button\" >T\u00e9l\u00e9charger<\/a>\t\t<\/div>\n\t\t\t<\/td>\n\t<\/tr><tr class=\"um-doc-item\">\n\t<td class=\"um-docs-title-col\"><strong>Tableau contact \/ liste de contacts SA-URG_2024.11&nbsp; <\/strong>\n\t\t<div class=\"um-doc-item-meta\">\n\t\t\t<div>Cr\u00e9\u00e9 il y a11 mois <\/div>\n\t\t\t<div>Par <a href=\"https:\/\/www.sa-urg.eu\/fr\/user\/admin_sa_urg\/?profiletab=documents\" class=\"um-doc-author-link\">SA-URG<\/a><\/div>\n\t\t  <\/div>\n\t<\/td>\n\t<td align=\"center\">\n\t\t<div class=\"docs-text-center docs-downloads-count\">\n\t\t\t5 T\u00e9l\u00e9chargements\t\t<\/div>\n\t\t\t\t<div class=\"docs-download-btn\">\n\t\t\t<a href=\"https:\/\/www.sa-urg.eu\/fr\/?um_download=2393&amp;token=c74e194c51\" target=\"_blank\" class=\"btn button um-button um-doc-button\" >T\u00e9l\u00e9charger<\/a>\t\t<\/div>\n\t\t\t<\/td>\n\t<\/tr>\t<\/tbody>\n<\/table><div class=\"um-docs-clear\"><\/div><\/div>\n\n\t\t<\/div>\n\t<\/div>\n<\/div><\/div><\/div><div class=\"wpb_column vc_column_container vc_col-sm-4\"><div class=\"vc_column-inner\"><div class=\"wpb_wrapper\"><h2 style=\"text-align: left;font-family:Open Sans;font-weight:300;font-style:normal\" class=\"vc_custom_heading vc_do_custom_heading\" ><strong>Action 2<\/strong> - Comunicaci\u00f3n<\/h2><div class=\"vc_separator wpb_content_element vc_separator_align_center vc_sep_width_100 vc_sep_pos_align_center vc_separator_no_text vc_sep_color_black wpb_content_element  wpb_content_element\" ><span class=\"vc_sep_holder vc_sep_holder_l\"><span class=\"vc_sep_line\"><\/span><\/span><span class=\"vc_sep_holder vc_sep_holder_r\"><span class=\"vc_sep_line\"><\/span><\/span>\n<\/div>\n\t<div class=\"wpb_text_column wpb_content_element doclist\" >\n\t\t<div class=\"wpb_wrapper\">\n\t\t\t<div class=\"um-docs-list\" id=\"umDocsList\"><table id=\"um_docs_table\">\n\t<thead>\n\t\t<tr>\n\t\t\t<th class=\"um-docs-title-col\">Nom<\/th>\n\t\t\t<th>T\u00e9l\u00e9chargements<\/th>\n\t\t\t\t\t<\/tr>\n\t<\/thead>\n\t<tbody>\n\t\t<tr class=\"um-doc-item\">\n\t<td class=\"um-docs-title-col\"><strong>SA-URG - Template word \/ Mod\u00e8le word - 2&nbsp; <\/strong>\n\t\t<div class=\"um-doc-item-meta\">\n\t\t\t<div>Cr\u00e9\u00e9 il y a11 mois <\/div>\n\t\t\t<div>Par <a href=\"https:\/\/www.sa-urg.eu\/fr\/user\/admin_sa_urg\/?profiletab=documents\" class=\"um-doc-author-link\">SA-URG<\/a><\/div>\n\t\t  <\/div>\n\t<\/td>\n\t<td align=\"center\">\n\t\t<div class=\"docs-text-center docs-downloads-count\">\n\t\t\t6 T\u00e9l\u00e9chargements\t\t<\/div>\n\t\t\t\t<div class=\"docs-download-btn\">\n\t\t\t<a href=\"https:\/\/www.sa-urg.eu\/fr\/?um_download=2385&amp;token=f691e015d1\" target=\"_blank\" class=\"btn button um-button um-doc-button\" >T\u00e9l\u00e9charger<\/a>\t\t<\/div>\n\t\t\t<\/td>\n\t<\/tr><tr class=\"um-doc-item\">\n\t<td class=\"um-docs-title-col\"><strong>SA-URG - PPT template \/ pr\u00e9sentation PPT - 2&nbsp; <\/strong>\n\t\t<div class=\"um-doc-item-meta\">\n\t\t\t<div>Cr\u00e9\u00e9 il y a11 mois <\/div>\n\t\t\t<div>Par <a href=\"https:\/\/www.sa-urg.eu\/fr\/user\/admin_sa_urg\/?profiletab=documents\" class=\"um-doc-author-link\">SA-URG<\/a><\/div>\n\t\t  <\/div>\n\t<\/td>\n\t<td align=\"center\">\n\t\t<div class=\"docs-text-center docs-downloads-count\">\n\t\t\t6 T\u00e9l\u00e9chargements\t\t<\/div>\n\t\t\t\t<div class=\"docs-download-btn\">\n\t\t\t<a href=\"https:\/\/www.sa-urg.eu\/fr\/?um_download=2383&amp;token=f498f3801a\" target=\"_blank\" class=\"btn button um-button um-doc-button\" >T\u00e9l\u00e9charger<\/a>\t\t<\/div>\n\t\t\t<\/td>\n\t<\/tr><tr class=\"um-doc-item\">\n\t<td class=\"um-docs-title-col\"><strong>Plan de communication de SA-URG (FR) 2&nbsp; <\/strong>\n\t\t<div class=\"um-doc-item-meta\">\n\t\t\t<div>Cr\u00e9\u00e9 il y a11 mois <\/div>\n\t\t\t<div>Par <a href=\"https:\/\/www.sa-urg.eu\/fr\/user\/admin_sa_urg\/?profiletab=documents\" class=\"um-doc-author-link\">SA-URG<\/a><\/div>\n\t\t  <\/div>\n\t<\/td>\n\t<td align=\"center\">\n\t\t<div class=\"docs-text-center docs-downloads-count\">\n\t\t\t7 T\u00e9l\u00e9chargements\t\t<\/div>\n\t\t\t\t<div class=\"docs-download-btn\">\n\t\t\t<a href=\"https:\/\/www.sa-urg.eu\/fr\/?um_download=2379&amp;token=b33ba2f1da\" target=\"_blank\" class=\"btn button um-button um-doc-button\" >T\u00e9l\u00e9charger<\/a>\t\t<\/div>\n\t\t\t<\/td>\n\t<\/tr><tr class=\"um-doc-item\">\n\t<td class=\"um-docs-title-col\"><strong>Plan de communication SA-URG (EN) 2&nbsp; <\/strong>\n\t\t<div class=\"um-doc-item-meta\">\n\t\t\t<div>Cr\u00e9\u00e9 il y a11 mois <\/div>\n\t\t\t<div>Par <a href=\"https:\/\/www.sa-urg.eu\/fr\/user\/admin_sa_urg\/?profiletab=documents\" class=\"um-doc-author-link\">SA-URG<\/a><\/div>\n\t\t  <\/div>\n\t<\/td>\n\t<td align=\"center\">\n\t\t<div class=\"docs-text-center docs-downloads-count\">\n\t\t\t8 T\u00e9l\u00e9chargements\t\t<\/div>\n\t\t\t\t<div class=\"docs-download-btn\">\n\t\t\t<a href=\"https:\/\/www.sa-urg.eu\/fr\/?um_download=2377&amp;token=d999a8bd63\" target=\"_blank\" class=\"btn button um-button um-doc-button\" >T\u00e9l\u00e9charger<\/a>\t\t<\/div>\n\t\t\t<\/td>\n\t<\/tr>\t<\/tbody>\n<\/table><div class=\"um-docs-clear\"><\/div><\/div>\n\n\t\t<\/div>\n\t<\/div>\n<\/div><\/div><\/div><div class=\"wpb_column vc_column_container vc_col-sm-4\"><div class=\"vc_column-inner\"><div class=\"wpb_wrapper\"><h2 style=\"text-align: left;font-family:Open Sans;font-weight:300;font-style:normal\" class=\"vc_custom_heading vc_do_custom_heading\" ><strong>Action 3<\/strong> - Outils num\u00e9riques et technologiques<\/h2><div class=\"vc_separator wpb_content_element vc_separator_align_center vc_sep_width_100 vc_sep_pos_align_center vc_separator_no_text vc_sep_color_black wpb_content_element  wpb_content_element\" ><span class=\"vc_sep_holder vc_sep_holder_l\"><span class=\"vc_sep_line\"><\/span><\/span><span class=\"vc_sep_holder vc_sep_holder_r\"><span class=\"vc_sep_line\"><\/span><\/span>\n<\/div>\n\t<div class=\"wpb_text_column wpb_content_element doclist\" >\n\t\t<div class=\"wpb_wrapper\">\n\t\t\t\n\n\t\t<\/div>\n\t<\/div>\n<\/div><\/div><\/div><\/div><div class=\"vc_row-full-width vc_clearfix\"><\/div><div data-vc-full-width=\"true\" data-vc-full-width-init=\"false\" class=\"vc_row wpb_row vc_row-fluid vc_custom_1748337255768 vc_row-has-fill vc_column-gap-30\"><div class=\"wpb_column vc_column_container vc_col-sm-4 vc_col-has-fill\"><div class=\"vc_column-inner vc_custom_1748334014831\"><div class=\"wpb_wrapper\"><h2 style=\"text-align: left;font-family:Open Sans;font-weight:300;font-style:normal\" class=\"vc_custom_heading vc_do_custom_heading\" ><strong>Action 4<\/strong> - Certification d'un programme de formation coh\u00e9rent bas\u00e9 sur de nouveaux outils p\u00e9dagogiques<\/h2><div class=\"vc_separator wpb_content_element vc_separator_align_center vc_sep_width_100 vc_sep_pos_align_center vc_separator_no_text vc_sep_color_black wpb_content_element  wpb_content_element\" ><span class=\"vc_sep_holder vc_sep_holder_l\"><span class=\"vc_sep_line\"><\/span><\/span><span class=\"vc_sep_holder vc_sep_holder_r\"><span class=\"vc_sep_line\"><\/span><\/span>\n<\/div>\n\t<div class=\"wpb_text_column wpb_content_element doclist\" >\n\t\t<div class=\"wpb_wrapper\">\n\t\t\t\n\n\t\t<\/div>\n\t<\/div>\n<\/div><\/div><\/div><div class=\"wpb_column vc_column_container vc_col-sm-4 vc_col-has-fill\"><div class=\"vc_column-inner vc_custom_1748333998677\"><div class=\"wpb_wrapper\"><h2 style=\"text-align: left;font-family:Open Sans;font-weight:300;font-style:normal\" class=\"vc_custom_heading vc_do_custom_heading\" ><strong>Action 5<\/strong> - Am\u00e9liorer la r\u00e9ponse sanitaire<\/h2><div class=\"vc_separator wpb_content_element vc_separator_align_center vc_sep_width_100 vc_sep_pos_align_center vc_separator_no_text vc_sep_color_black wpb_content_element  wpb_content_element\" ><span class=\"vc_sep_holder vc_sep_holder_l\"><span class=\"vc_sep_line\"><\/span><\/span><span class=\"vc_sep_holder vc_sep_holder_r\"><span class=\"vc_sep_line\"><\/span><\/span>\n<\/div>\n\t<div class=\"wpb_text_column wpb_content_element doclist\" >\n\t\t<div class=\"wpb_wrapper\">\n\t\t\t\n\n\t\t<\/div>\n\t<\/div>\n<\/div><\/div><\/div><div class=\"wpb_column vc_column_container vc_col-sm-4 vc_col-has-fill\"><div class=\"vc_column-inner vc_custom_1748334007265\"><div class=\"wpb_wrapper\"><h2 style=\"text-align: left;font-family:Open Sans;font-weight:300;font-style:normal\" class=\"vc_custom_heading vc_do_custom_heading\" ><strong>EGALURG<\/strong><\/h2><div class=\"vc_separator wpb_content_element vc_separator_align_center vc_sep_width_100 vc_sep_pos_align_center vc_separator_no_text vc_sep_color_black wpb_content_element  wpb_content_element\" ><span class=\"vc_sep_holder vc_sep_holder_l\"><span class=\"vc_sep_line\"><\/span><\/span><span class=\"vc_sep_holder vc_sep_holder_r\"><span class=\"vc_sep_line\"><\/span><\/span>\n<\/div>\n\t<div class=\"wpb_text_column wpb_content_element doclist\" >\n\t\t<div class=\"wpb_wrapper\">\n\t\t\t<div class=\"um-docs-list\" id=\"umDocsList\"><table id=\"um_docs_table\">\n\t<thead>\n\t\t<tr>\n\t\t\t<th class=\"um-docs-title-col\">Nom<\/th>\n\t\t\t<th>T\u00e9l\u00e9chargements<\/th>\n\t\t\t\t\t<\/tr>\n\t<\/thead>\n\t<tbody>\n\t\t<tr class=\"um-doc-item\">\n\t<td class=\"um-docs-title-col\"><strong>4.3 - Protocole Operationnel Transfrontalier IMV et Disasters&nbsp; <\/strong>\n\t\t<div class=\"um-doc-item-meta\">\n\t\t\t<div>Cr\u00e9\u00e9 il y a4 ans <\/div>\n\t\t\t<div>Par <a href=\"https:\/\/www.sa-urg.eu\/fr\/user\/yuri\/?profiletab=documents\" class=\"um-doc-author-link\">Yuri L\u00e1zaro<\/a><\/div>\n\t\t  <\/div>\n\t<\/td>\n\t<td align=\"center\">\n\t\t<div class=\"docs-text-center docs-downloads-count\">\n\t\t\t24 T\u00e9l\u00e9chargements\t\t<\/div>\n\t\t\t\t<div class=\"docs-download-btn\">\n\t\t\t<a href=\"https:\/\/www.sa-urg.eu\/fr\/?um_download=2145&amp;token=55d2f2cd4d\" target=\"_blank\" class=\"btn button um-button um-doc-button\" >T\u00e9l\u00e9charger<\/a>\t\t<\/div>\n\t\t\t<\/td>\n\t<\/tr><tr class=\"um-doc-item\">\n\t<td class=\"um-docs-title-col\"><strong>4.2 - Coop\u00e9ration transfrontali\u00e8re dans la prise en charge des patients souffrant de traumatismes majeurs&nbsp; <\/strong>\n\t\t<div class=\"um-doc-item-meta\">\n\t\t\t<div>Cr\u00e9\u00e9 il y a4 ans <\/div>\n\t\t\t<div>Par <a href=\"https:\/\/www.sa-urg.eu\/fr\/user\/yuri\/?profiletab=documents\" class=\"um-doc-author-link\">Yuri L\u00e1zaro<\/a><\/div>\n\t\t  <\/div>\n\t<\/td>\n\t<td align=\"center\">\n\t\t<div class=\"docs-text-center docs-downloads-count\">\n\t\t\t22 T\u00e9l\u00e9chargements\t\t<\/div>\n\t\t\t\t<div class=\"docs-download-btn\">\n\t\t\t<a href=\"https:\/\/www.sa-urg.eu\/fr\/?um_download=2143&amp;token=768198eea0\" target=\"_blank\" class=\"btn button um-button um-doc-button\" >T\u00e9l\u00e9charger<\/a>\t\t<\/div>\n\t\t\t<\/td>\n\t<\/tr><tr class=\"um-doc-item\">\n\t<td class=\"um-docs-title-col\"><strong>Activit\u00e9 2.3 - Congr\u00e8s sur les urgences m\u00e9dicales transfrontali\u00e8res&nbsp; <\/strong>\n\t\t<div class=\"um-doc-item-meta\">\n\t\t\t<div>Cr\u00e9\u00e9 il y a4 ans <\/div>\n\t\t\t<div>Par <a href=\"https:\/\/www.sa-urg.eu\/fr\/user\/yuri\/?profiletab=documents\" class=\"um-doc-author-link\">Yuri L\u00e1zaro<\/a><\/div>\n\t\t  <\/div>\n\t<\/td>\n\t<td align=\"center\">\n\t\t<div class=\"docs-text-center docs-downloads-count\">\n\t\t\t24 T\u00e9l\u00e9chargements\t\t<\/div>\n\t\t\t\t<div class=\"docs-download-btn\">\n\t\t\t<a href=\"https:\/\/www.sa-urg.eu\/fr\/?um_download=2141&amp;token=b103182d81\" target=\"_blank\" class=\"btn button um-button um-doc-button\" >T\u00e9l\u00e9charger<\/a>\t\t<\/div>\n\t\t\t<\/td>\n\t<\/tr><tr class=\"um-doc-item\">\n\t<td class=\"um-docs-title-col\"><strong>Activit\u00e9 5.2 - Plan de formation continue&nbsp; <\/strong>\n\t\t<div class=\"um-doc-item-meta\">\n\t\t\t<div>Cr\u00e9\u00e9 il y a4 ans <\/div>\n\t\t\t<div>Par <a href=\"https:\/\/www.sa-urg.eu\/fr\/user\/yuri\/?profiletab=documents\" class=\"um-doc-author-link\">Yuri L\u00e1zaro<\/a><\/div>\n\t\t  <\/div>\n\t<\/td>\n\t<td align=\"center\">\n\t\t<div class=\"docs-text-center docs-downloads-count\">\n\t\t\t23 T\u00e9l\u00e9chargements\t\t<\/div>\n\t\t\t\t<div class=\"docs-download-btn\">\n\t\t\t<a href=\"https:\/\/www.sa-urg.eu\/fr\/?um_download=2139&amp;token=2e5ea329d7\" target=\"_blank\" class=\"btn button um-button um-doc-button\" >T\u00e9l\u00e9charger<\/a>\t\t<\/div>\n\t\t\t<\/td>\n\t<\/tr><tr class=\"um-doc-item\">\n\t<td class=\"um-docs-title-col\"><strong>Activit\u00e9 5.1 - Guide acad\u00e9mique du Master europ\u00e9en Catastrophes&nbsp; <\/strong>\n\t\t<div class=\"um-doc-item-meta\">\n\t\t\t<div>Cr\u00e9\u00e9 il y a4 ans <\/div>\n\t\t\t<div>Par <a href=\"https:\/\/www.sa-urg.eu\/fr\/user\/yuri\/?profiletab=documents\" class=\"um-doc-author-link\">Yuri L\u00e1zaro<\/a><\/div>\n\t\t  <\/div>\n\t<\/td>\n\t<td align=\"center\">\n\t\t<div class=\"docs-text-center docs-downloads-count\">\n\t\t\t17 T\u00e9l\u00e9chargements\t\t<\/div>\n\t\t\t\t<div class=\"docs-download-btn\">\n\t\t\t<a href=\"https:\/\/www.sa-urg.eu\/fr\/?um_download=2137&amp;token=7ec3471191\" target=\"_blank\" class=\"btn button um-button um-doc-button\" >T\u00e9l\u00e9charger<\/a>\t\t<\/div>\n\t\t\t<\/td>\n\t<\/tr><tr class=\"um-doc-item\">\n\t<td class=\"um-docs-title-col\"><strong>Activit\u00e9 4.4 - Cadre juridique \/ Dossier \u00c9valuation de l'exercice de simulation&nbsp; <\/strong>\n\t\t<div class=\"um-doc-item-meta\">\n\t\t\t<div>Cr\u00e9\u00e9 il y a4 ans <\/div>\n\t\t\t<div>Par <a href=\"https:\/\/www.sa-urg.eu\/fr\/user\/yuri\/?profiletab=documents\" class=\"um-doc-author-link\">Yuri L\u00e1zaro<\/a><\/div>\n\t\t  <\/div>\n\t<\/td>\n\t<td align=\"center\">\n\t\t<div class=\"docs-text-center docs-downloads-count\">\n\t\t\t13 T\u00e9l\u00e9chargements\t\t<\/div>\n\t\t\t\t<div class=\"docs-download-btn\">\n\t\t\t<a href=\"https:\/\/www.sa-urg.eu\/fr\/?um_download=2135&amp;token=440da889f2\" target=\"_blank\" class=\"btn button um-button um-doc-button\" >T\u00e9l\u00e9charger<\/a>\t\t<\/div>\n\t\t\t<\/td>\n\t<\/tr><tr class=\"um-doc-item\">\n\t<td class=\"um-docs-title-col\"><strong>Activit\u00e9 4.3 - Incident transfrontalier \u00e0 victimes multiples&nbsp; <\/strong>\n\t\t<div class=\"um-doc-item-meta\">\n\t\t\t<div>Cr\u00e9\u00e9 il y a4 ans <\/div>\n\t\t\t<div>Par <a href=\"https:\/\/www.sa-urg.eu\/fr\/user\/yuri\/?profiletab=documents\" class=\"um-doc-author-link\">Yuri L\u00e1zaro<\/a><\/div>\n\t\t  <\/div>\n\t<\/td>\n\t<td align=\"center\">\n\t\t<div class=\"docs-text-center docs-downloads-count\">\n\t\t\t13 T\u00e9l\u00e9chargements\t\t<\/div>\n\t\t\t\t<div class=\"docs-download-btn\">\n\t\t\t<a href=\"https:\/\/www.sa-urg.eu\/fr\/?um_download=2133&amp;token=c99033e377\" target=\"_blank\" class=\"btn button um-button um-doc-button\" >T\u00e9l\u00e9charger<\/a>\t\t<\/div>\n\t\t\t<\/td>\n\t<\/tr><tr class=\"um-doc-item\">\n\t<td class=\"um-docs-title-col\"><strong>Activit\u00e9 4.2 - Proc\u00e9dure en cas de traumatisme grave&nbsp; <\/strong>\n\t\t<div class=\"um-doc-item-meta\">\n\t\t\t<div>Cr\u00e9\u00e9 il y a4 ans <\/div>\n\t\t\t<div>Par <a href=\"https:\/\/www.sa-urg.eu\/fr\/user\/yuri\/?profiletab=documents\" class=\"um-doc-author-link\">Yuri L\u00e1zaro<\/a><\/div>\n\t\t  <\/div>\n\t<\/td>\n\t<td align=\"center\">\n\t\t<div class=\"docs-text-center docs-downloads-count\">\n\t\t\t11 T\u00e9l\u00e9chargements\t\t<\/div>\n\t\t\t\t<div class=\"docs-download-btn\">\n\t\t\t<a href=\"https:\/\/www.sa-urg.eu\/fr\/?um_download=2131&amp;token=5d0b8b63cd\" target=\"_blank\" class=\"btn button um-button um-doc-button\" >T\u00e9l\u00e9charger<\/a>\t\t<\/div>\n\t\t\t<\/td>\n\t<\/tr><tr class=\"um-doc-item\">\n\t<td class=\"um-docs-title-col\"><strong>Activit\u00e9 4.1 - Plate-forme transfrontali\u00e8re de gestion des incidents impliquant plusieurs victimes Proc\u00e9dure GA-IMV&nbsp; <\/strong>\n\t\t<div class=\"um-doc-item-meta\">\n\t\t\t<div>Cr\u00e9\u00e9 il y a4 ans <\/div>\n\t\t\t<div>Par <a href=\"https:\/\/www.sa-urg.eu\/fr\/user\/yuri\/?profiletab=documents\" class=\"um-doc-author-link\">Yuri L\u00e1zaro<\/a><\/div>\n\t\t  <\/div>\n\t<\/td>\n\t<td align=\"center\">\n\t\t<div class=\"docs-text-center docs-downloads-count\">\n\t\t\t12 T\u00e9l\u00e9chargements\t\t<\/div>\n\t\t\t\t<div class=\"docs-download-btn\">\n\t\t\t<a href=\"https:\/\/www.sa-urg.eu\/fr\/?um_download=2129&amp;token=6c86bcdf7d\" target=\"_blank\" class=\"btn button um-button um-doc-button\" >T\u00e9l\u00e9charger<\/a>\t\t<\/div>\n\t\t\t<\/td>\n\t<\/tr>\t<\/tbody>\n<\/table><div class=\"um-docs-clear\"><\/div><div class=\"pagination\"><span aria-current=\"pg\" class=\"page-numbers current\">1<\/span>\n<a class=\"page-numbers\" href=\"https:\/\/www.sa-urg.eu\/fr\/wp-json\/wp\/v2\/pages\/2271\/?pg=2\">2<\/a>\n<a class=\"page-numbers\" href=\"https:\/\/www.sa-urg.eu\/fr\/wp-json\/wp\/v2\/pages\/2271\/?pg=3\">3<\/a>\n<a class=\"page-numbers\" href=\"https:\/\/www.sa-urg.eu\/fr\/wp-json\/wp\/v2\/pages\/2271\/?pg=4\">4<\/a>\n<a class=\"page-numbers\" href=\"https:\/\/www.sa-urg.eu\/fr\/wp-json\/wp\/v2\/pages\/2271\/?pg=5\">5<\/a>\n<a class=\"next page-numbers\" href=\"https:\/\/www.sa-urg.eu\/fr\/wp-json\/wp\/v2\/pages\/2271\/?pg=2\">Suivant\u00a0\u00bb<\/a><\/div><!--\/\/ end .pagination --><\/div>\n\n\t\t<\/div>\n\t<\/div>\n<\/div><\/div><\/div><\/div><div class=\"vc_row-full-width vc_clearfix\"><\/div><div class=\"vc_row wpb_row vc_row-fluid vc_custom_1748334070650 vc_row-has-fill vc_column-gap-30\"><div class=\"wpb_column vc_column_container vc_col-sm-12\"><div class=\"vc_column-inner\"><div class=\"wpb_wrapper\"><h1 style=\"text-align: left;font-family:Open Sans;font-weight:300;font-style:normal\" class=\"vc_custom_heading vc_do_custom_heading\" >Tous les documents<\/h1><div class=\"vc_separator wpb_content_element vc_separator_align_center vc_sep_width_100 vc_sep_pos_align_center vc_separator_no_text vc_sep_color_grey wpb_content_element  wpb_content_element\" ><span class=\"vc_sep_holder vc_sep_holder_l\"><span class=\"vc_sep_line\"><\/span><\/span><span class=\"vc_sep_holder vc_sep_holder_r\"><span class=\"vc_sep_line\"><\/span><\/span>\n<\/div>\n\t<div class=\"wpb_text_column wpb_content_element doclist\" >\n\t\t<div class=\"wpb_wrapper\">\n\t\t\t<div class=\"um-docs-list\" id=\"umDocsList\">\t<div class=\"um-item um-doc-item um-col-133\" data-1>\n\t  <div class=\"um-item-link\">\n\t\t<strong>COPIL Pampelune_Compte-rendu \/ Rapport (minutes) 2024\/11.27-28&nbsp; <\/strong>\n\t  <\/div>\n\t  \t  \t  <div class=\"um-doc-item-meta\">\n\t\t\t\t<div> <a href=\"https:\/\/www.sa-urg.eu\/fr\/?um_download=2397&amp;token=d55522e03d\" target=\"_blank\" class=\"btn button um-button um-doc-button\" >T\u00e9l\u00e9charger<\/a> <\/div>\n\t\t\t\t<div>Cr\u00e9\u00e9 il y a11 mois <\/div>\n\t\t<div>Par <a href=\"https:\/\/www.sa-urg.eu\/fr\/user\/admin_sa_urg\/?profiletab=documents\" class=\"um-doc-author-link\">SA-URG<\/a><\/div>\n\t\t<div>\n\t\t  8 T\u00e9l\u00e9chargements\t\t<\/div>\n\t\t\t  <\/div>\n\t<\/div>\n\t<div class=\"um-item um-doc-item um-col-133\" data-1>\n\t  <div class=\"um-item-link\">\n\t\t<strong>COPIL Bayonne_Compte-rendu \/ Rapport (minutes)-2024\/06\/13-1&nbsp; <\/strong>\n\t  <\/div>\n\t  \t  \t  <div class=\"um-doc-item-meta\">\n\t\t\t\t<div> <a href=\"https:\/\/www.sa-urg.eu\/fr\/?um_download=2395&amp;token=b241047abf\" target=\"_blank\" class=\"btn button um-button um-doc-button\" >T\u00e9l\u00e9charger<\/a> <\/div>\n\t\t\t\t<div>Cr\u00e9\u00e9 il y a11 mois <\/div>\n\t\t<div>Par <a href=\"https:\/\/www.sa-urg.eu\/fr\/user\/admin_sa_urg\/?profiletab=documents\" class=\"um-doc-author-link\">SA-URG<\/a><\/div>\n\t\t<div>\n\t\t  8 T\u00e9l\u00e9chargements\t\t<\/div>\n\t\t\t  <\/div>\n\t<\/div>\n\t<div class=\"um-item um-doc-item um-col-133\" data-1>\n\t  <div class=\"um-item-link\">\n\t\t<strong>Tableau contact \/ liste de contacts SA-URG_2024.11&nbsp; <\/strong>\n\t  <\/div>\n\t  \t  \t  <div class=\"um-doc-item-meta\">\n\t\t\t\t<div> <a href=\"https:\/\/www.sa-urg.eu\/fr\/?um_download=2393&amp;token=c74e194c51\" target=\"_blank\" class=\"btn button um-button um-doc-button\" >T\u00e9l\u00e9charger<\/a> <\/div>\n\t\t\t\t<div>Cr\u00e9\u00e9 il y a11 mois <\/div>\n\t\t<div>Par <a href=\"https:\/\/www.sa-urg.eu\/fr\/user\/admin_sa_urg\/?profiletab=documents\" class=\"um-doc-author-link\">SA-URG<\/a><\/div>\n\t\t<div>\n\t\t  5 T\u00e9l\u00e9chargements\t\t<\/div>\n\t\t\t  <\/div>\n\t<\/div>\n\t<div class=\"um-item um-doc-item um-col-133\" data-1>\n\t  <div class=\"um-item-link\">\n\t\t<strong>SA-URG - Template word \/ Mod\u00e8le word - 2&nbsp; <\/strong>\n\t  <\/div>\n\t  \t  \t  <div class=\"um-doc-item-meta\">\n\t\t\t\t<div> <a href=\"https:\/\/www.sa-urg.eu\/fr\/?um_download=2385&amp;token=f691e015d1\" target=\"_blank\" class=\"btn button um-button um-doc-button\" >T\u00e9l\u00e9charger<\/a> <\/div>\n\t\t\t\t<div>Cr\u00e9\u00e9 il y a11 mois <\/div>\n\t\t<div>Par <a href=\"https:\/\/www.sa-urg.eu\/fr\/user\/admin_sa_urg\/?profiletab=documents\" class=\"um-doc-author-link\">SA-URG<\/a><\/div>\n\t\t<div>\n\t\t  6 T\u00e9l\u00e9chargements\t\t<\/div>\n\t\t\t  <\/div>\n\t<\/div>\n\t<div class=\"um-item um-doc-item um-col-133\" data-1>\n\t  <div class=\"um-item-link\">\n\t\t<strong>SA-URG - PPT template \/ pr\u00e9sentation PPT - 2&nbsp; <\/strong>\n\t  <\/div>\n\t  \t  \t  <div class=\"um-doc-item-meta\">\n\t\t\t\t<div> <a href=\"https:\/\/www.sa-urg.eu\/fr\/?um_download=2383&amp;token=f498f3801a\" target=\"_blank\" class=\"btn button um-button um-doc-button\" >T\u00e9l\u00e9charger<\/a> <\/div>\n\t\t\t\t<div>Cr\u00e9\u00e9 il y a11 mois <\/div>\n\t\t<div>Par <a href=\"https:\/\/www.sa-urg.eu\/fr\/user\/admin_sa_urg\/?profiletab=documents\" class=\"um-doc-author-link\">SA-URG<\/a><\/div>\n\t\t<div>\n\t\t  6 T\u00e9l\u00e9chargements\t\t<\/div>\n\t\t\t  <\/div>\n\t<\/div>\n\t<div class=\"um-item um-doc-item um-col-133\" data-1>\n\t  <div class=\"um-item-link\">\n\t\t<strong>Plan de communication de SA-URG (FR) 2&nbsp; <\/strong>\n\t  <\/div>\n\t  \t  \t  <div class=\"um-doc-item-meta\">\n\t\t\t\t<div> <a href=\"https:\/\/www.sa-urg.eu\/fr\/?um_download=2379&amp;token=b33ba2f1da\" target=\"_blank\" class=\"btn button um-button um-doc-button\" >T\u00e9l\u00e9charger<\/a> <\/div>\n\t\t\t\t<div>Cr\u00e9\u00e9 il y a11 mois <\/div>\n\t\t<div>Par <a href=\"https:\/\/www.sa-urg.eu\/fr\/user\/admin_sa_urg\/?profiletab=documents\" class=\"um-doc-author-link\">SA-URG<\/a><\/div>\n\t\t<div>\n\t\t  7 T\u00e9l\u00e9chargements\t\t<\/div>\n\t\t\t  <\/div>\n\t<\/div>\n<div class=\"um-docs-clear\"><\/div><div class=\"pagination\"><span aria-current=\"pg\" class=\"page-numbers current\">1<\/span>\n<a class=\"page-numbers\" href=\"https:\/\/www.sa-urg.eu\/fr\/wp-json\/wp\/v2\/pages\/2271\/?pg=2\">2<\/a>\n<a class=\"page-numbers\" href=\"https:\/\/www.sa-urg.eu\/fr\/wp-json\/wp\/v2\/pages\/2271\/?pg=3\">3<\/a>\n<a class=\"page-numbers\" href=\"https:\/\/www.sa-urg.eu\/fr\/wp-json\/wp\/v2\/pages\/2271\/?pg=4\">4<\/a>\n<a class=\"page-numbers\" href=\"https:\/\/www.sa-urg.eu\/fr\/wp-json\/wp\/v2\/pages\/2271\/?pg=5\">5<\/a>\n<a class=\"page-numbers\" href=\"https:\/\/www.sa-urg.eu\/fr\/wp-json\/wp\/v2\/pages\/2271\/?pg=6\">6<\/a>\n<span class=\"page-numbers dots\">\u2026<\/span>\n<a class=\"page-numbers\" href=\"https:\/\/www.sa-urg.eu\/fr\/wp-json\/wp\/v2\/pages\/2271\/?pg=9\">9<\/a>\n<a class=\"next page-numbers\" href=\"https:\/\/www.sa-urg.eu\/fr\/wp-json\/wp\/v2\/pages\/2271\/?pg=2\">Suivant\u00a0\u00bb<\/a><\/div><!--\/\/ end .pagination --><\/div>\n\n\t\t<\/div>\n\t<\/div>\n<\/div><\/div><\/div><\/div>\n<\/div>","protected":false},"excerpt":{"rendered":"","protected":false},"author":1,"featured_media":0,"parent":0,"menu_order":0,"comment_status":"closed","ping_status":"closed","template":"","meta":{"_themeisle_gutenberg_block_has_review":false,"footnotes":""},"class_list":["post-2271","page","type-page","status-publish","hentry"],"_links":{"self":[{"href":"https:\/\/www.sa-urg.eu\/fr\/wp-json\/wp\/v2\/pages\/2271","targetHints":{"allow":["GET"]}}],"collection":[{"href":"https:\/\/www.sa-urg.eu\/fr\/wp-json\/wp\/v2\/pages"}],"about":[{"href":"https:\/\/www.sa-urg.eu\/fr\/wp-json\/wp\/v2\/types\/page"}],"author":[{"embeddable":true,"href":"https:\/\/www.sa-urg.eu\/fr\/wp-json\/wp\/v2\/users\/1"}],"replies":[{"embeddable":true,"href":"https:\/\/www.sa-urg.eu\/fr\/wp-json\/wp\/v2\/comments?post=2271"}],"version-history":[{"count":39,"href":"https:\/\/www.sa-urg.eu\/fr\/wp-json\/wp\/v2\/pages\/2271\/revisions"}],"predecessor-version":[{"id":2422,"href":"https:\/\/www.sa-urg.eu\/fr\/wp-json\/wp\/v2\/pages\/2271\/revisions\/2422"}],"wp:attachment":[{"href":"https:\/\/www.sa-urg.eu\/fr\/wp-json\/wp\/v2\/media?parent=2271"}],"curies":[{"name":"wp","href":"https:\/\/api.w.org\/{rel}","templated":true}]}}