{"id":2274,"date":"2025-03-10T18:45:16","date_gmt":"2025-03-10T17:45:16","guid":{"rendered":"https:\/\/www.sa-urg.eu\/?page_id=2274"},"modified":"2025-03-10T18:45:40","modified_gmt":"2025-03-10T17:45:40","slug":"subir-documento","status":"publish","type":"page","link":"https:\/\/www.sa-urg.eu\/fr\/subir-documento\/","title":{"rendered":"Contenu restreint"},"content":{"rendered":"","protected":false},"excerpt":{"rendered":"Nom: Cat\u00e9gorie Acci\u00f3n 3 &#8211; Herramientas digitales y tecnol\u00f3gicas Acci\u00f3n 4 &#8211; Certificaci\u00f3n de un programa de formaci\u00f3n coherente basado en nuevas herramientas pedag\u00f3gicas Acci\u00f3n 5 &#8211; Mejora de la respuesta sanitaria Comunicaci\u00f3n EGALURG Gesti\u00f3n y coordinaci\u00f3n Fichier La description Annuler","protected":false},"author":1,"featured_media":0,"parent":0,"menu_order":0,"comment_status":"closed","ping_status":"closed","template":"","meta":{"_themeisle_gutenberg_block_has_review":false,"footnotes":""},"class_list":["post-2274","page","type-page","status-publish","hentry"],"_links":{"self":[{"href":"https:\/\/www.sa-urg.eu\/fr\/wp-json\/wp\/v2\/pages\/2274","targetHints":{"allow":["GET"]}}],"collection":[{"href":"https:\/\/www.sa-urg.eu\/fr\/wp-json\/wp\/v2\/pages"}],"about":[{"href":"https:\/\/www.sa-urg.eu\/fr\/wp-json\/wp\/v2\/types\/page"}],"author":[{"embeddable":true,"href":"https:\/\/www.sa-urg.eu\/fr\/wp-json\/wp\/v2\/users\/1"}],"replies":[{"embeddable":true,"href":"https:\/\/www.sa-urg.eu\/fr\/wp-json\/wp\/v2\/comments?post=2274"}],"version-history":[{"count":1,"href":"https:\/\/www.sa-urg.eu\/fr\/wp-json\/wp\/v2\/pages\/2274\/revisions"}],"predecessor-version":[{"id":2275,"href":"https:\/\/www.sa-urg.eu\/fr\/wp-json\/wp\/v2\/pages\/2274\/revisions\/2275"}],"wp:attachment":[{"href":"https:\/\/www.sa-urg.eu\/fr\/wp-json\/wp\/v2\/media?parent=2274"}],"curies":[{"name":"wp","href":"https:\/\/api.w.org\/{rel}","templated":true}]}}